{"id":287,"date":"2014-08-24T22:03:52","date_gmt":"2014-08-24T21:03:52","guid":{"rendered":"http:\/\/www.wimex-europe.com\/fr\/?page_id=287"},"modified":"2024-08-26T12:18:52","modified_gmt":"2024-08-26T11:18:52","slug":"societe-articles-natation","status":"publish","type":"page","link":"https:\/\/www.wimex-europe.com\/fr\/societe-articles-natation\/","title":{"rendered":"La soci\u00e9t\u00e9 Wimex-Europe"},"content":{"rendered":"\t\t<div data-elementor-type=\"wp-page\" data-elementor-id=\"287\" class=\"elementor elementor-287\">\n\t\t\t\t\t\t<section class=\"elementor-section elementor-top-section elementor-element elementor-element-49daaa6 elementor-section-boxed elementor-section-height-default elementor-section-height-default\" data-id=\"49daaa6\" data-element_type=\"section\">\n\t\t\t\t\t\t<div class=\"elementor-container elementor-column-gap-default\">\n\t\t\t\t\t<div class=\"elementor-column elementor-col-100 elementor-top-column elementor-element elementor-element-90dd1d9\" data-id=\"90dd1d9\" data-element_type=\"column\">\n\t\t\t<div class=\"elementor-widget-wrap elementor-element-populated\">\n\t\t\t\t\t\t<div class=\"elementor-element elementor-element-39712a5 elementor-widget elementor-widget-heading\" data-id=\"39712a5\" data-element_type=\"widget\" data-widget_type=\"heading.default\">\n\t\t\t\t<div class=\"elementor-widget-container\">\n\t\t\t\t\t<h1 class=\"elementor-heading-title elementor-size-default\">Wimex-Europe : Grossiste accessoires pour Spa, Bien-Etre, Thermes et Thalassoth\u00e9rapie<\/h1>\t\t\t\t<\/div>\n\t\t\t\t<\/div>\n\t\t\t\t<div class=\"elementor-element elementor-element-1653125 elementor-widget elementor-widget-text-editor\" data-id=\"1653125\" data-element_type=\"widget\" data-widget_type=\"text-editor.default\">\n\t\t\t\t<div class=\"elementor-widget-container\">\n\t\t\t\t\t\t\t\t\t<p>Depuis sa cre\u0301ation en 1992, la socie\u0301te\u0301 WIMEX-EUROPE, base\u0301e a\u0300 Aix en Provence, cre\u0301e\u0301e pour diffuser en France les produits de natation, de spa et de loisirs de la socie\u0301te\u0301 allemande Fashy\u00a9, s\u2019est <strong>spe\u0301cialise\u0301e dans la distribution d\u2019accessoires pour e\u0301quiper le curiste et le monde du Bien-Etre<\/strong>.<\/p><p>WIMEX-EUROPE n\u2019a cess\u00e9 de se d\u00e9velopper, de renforcer ses partenariats europ\u00e9ens et a naturellement \u00e9largi sa gamme pour satisfaire les besoins grandissants de sa client\u00e8le de Bien-\u00eatre et Sant\u00e9 autour de l\u2019eau : <strong>Spa, H\u00f4tels,Thalassoth\u00e9rapie, Thermalisme, Complexes aquatiques <\/strong>\u2026 <br \/>Un climat de confiance s\u2019est rapidement \u00e9tabli entre WIMEX-EUROPE et ses clients et a conduit \u00e0 de nombreuses collaborations.<\/p>\t\t\t\t\t\t\t\t<\/div>\n\t\t\t\t<\/div>\n\t\t\t\t\t<\/div>\n\t\t<\/div>\n\t\t\t\t\t<\/div>\n\t\t<\/section>\n\t\t\t\t<section class=\"elementor-section elementor-top-section elementor-element elementor-element-6814acf elementor-section-boxed elementor-section-height-default elementor-section-height-default\" data-id=\"6814acf\" data-element_type=\"section\">\n\t\t\t\t\t\t<div class=\"elementor-container elementor-column-gap-default\">\n\t\t\t\t\t<div class=\"elementor-column elementor-col-100 elementor-top-column elementor-element elementor-element-3ff0db7\" data-id=\"3ff0db7\" data-element_type=\"column\">\n\t\t\t<div class=\"elementor-widget-wrap elementor-element-populated\">\n\t\t\t\t\t\t<div class=\"elementor-element elementor-element-dd1acfb elementor-widget elementor-widget-heading\" data-id=\"dd1acfb\" data-element_type=\"widget\" data-widget_type=\"heading.default\">\n\t\t\t\t<div class=\"elementor-widget-container\">\n\t\t\t\t\t<h2 class=\"elementor-heading-title elementor-size-default\">&gt; Une gamme de produits compl\u00e8te, qualitative et \u00e9volutive<\/h2>\t\t\t\t<\/div>\n\t\t\t\t<\/div>\n\t\t\t\t<div class=\"elementor-element elementor-element-2178462 elementor-widget elementor-widget-text-editor\" data-id=\"2178462\" data-element_type=\"widget\" data-widget_type=\"text-editor.default\">\n\t\t\t\t<div class=\"elementor-widget-container\">\n\t\t\t\t\t\t\t\t\t<p><strong>La soci\u00e9t\u00e9 WIMEX-EUROPE offre une gamme tr\u00e8s compl\u00e8te<\/strong> : <a href=\"https:\/\/www.wimex-europe.com\/fr\/bonnets-de-bain\/\"><span style=\"color: #808080;\">Bonnets de bain<\/span><\/a><span style=\"color: #808080;\">, <a style=\"color: #808080;\" href=\"https:\/\/www.wimex-europe.com\/fr\/chaussures-plastique\/\">chaussures et sandales<\/a>, <a style=\"color: #808080;\" href=\"https:\/\/www.wimex-europe.com\/fr\/maillots-de-bain\/\">maillots de bain<\/a>, <a style=\"color: #808080;\" href=\"https:\/\/www.wimex-europe.com\/fr\/lunettes-de-natation\/\">lunettes de natation<\/a>, <a style=\"color: #808080;\" href=\"https:\/\/www.wimex-europe.com\/fr\/aquagym\/\">mat\u00e9riel d\u2019aquagym<\/a><\/span> \u2026 Compte tenu du d\u00e9veloppement actuel du monde de la sant\u00e9 et du bien-\u00eatre, WIMEX-EUROPE s\u2019adapte \u00e0 vos besoins et propose des solutions pour r\u00e9pondre \u00e0 vos attentes.<br \/><strong>Reconnu pour notre recherche de qualit\u00e9 de produits et de service<\/strong>, un travail en continu se fait sur les mati\u00e8res toujours plus confortables tout en r\u00e9pondant aux nouvelles exigences des normes europ\u00e9ennes, en t\u00e9moignent les <strong>nombreuses certifications<\/strong> obtenues (Oeko-Tex, Sanitized, T\u00dcV, REACH \u2026).<\/p>\t\t\t\t\t\t\t\t<\/div>\n\t\t\t\t<\/div>\n\t\t\t\t\t<\/div>\n\t\t<\/div>\n\t\t\t\t\t<\/div>\n\t\t<\/section>\n\t\t\t\t<section class=\"elementor-section elementor-top-section elementor-element elementor-element-f9495a4 elementor-section-boxed elementor-section-height-default elementor-section-height-default\" data-id=\"f9495a4\" data-element_type=\"section\">\n\t\t\t\t\t\t<div class=\"elementor-container elementor-column-gap-default\">\n\t\t\t\t\t<div class=\"elementor-column elementor-col-100 elementor-top-column elementor-element elementor-element-4d2c341\" data-id=\"4d2c341\" data-element_type=\"column\">\n\t\t\t<div class=\"elementor-widget-wrap elementor-element-populated\">\n\t\t\t\t\t\t<div class=\"elementor-element elementor-element-6a79c7b elementor-widget elementor-widget-heading\" data-id=\"6a79c7b\" data-element_type=\"widget\" data-widget_type=\"heading.default\">\n\t\t\t\t<div class=\"elementor-widget-container\">\n\t\t\t\t\t<h2 class=\"elementor-heading-title elementor-size-default\">&gt; Votre satisfaction est au c\u0153ur de nos pr\u00e9occupations<\/h2>\t\t\t\t<\/div>\n\t\t\t\t<\/div>\n\t\t\t\t<div class=\"elementor-element elementor-element-e610204 elementor-widget elementor-widget-text-editor\" data-id=\"e610204\" data-element_type=\"widget\" data-widget_type=\"text-editor.default\">\n\t\t\t\t<div class=\"elementor-widget-container\">\n\t\t\t\t\t\t\t\t\t<p>C\u2019est en s\u2019adaptant, <strong>en travaillant avec vous<\/strong> que de nouvelles id\u00e9es ont pu voir le jour : personnalisation, catalogue articles usage unique&#8230;<br \/>Avec un interlocuteur unique, un v\u00e9ritable travail de coop\u00e9ration et de qualit\u00e9 s\u2019est cr\u00e9\u00e9 au fil des ann\u00e9es.<\/p>\t\t\t\t\t\t\t\t<\/div>\n\t\t\t\t<\/div>\n\t\t\t\t\t<\/div>\n\t\t<\/div>\n\t\t\t\t\t<\/div>\n\t\t<\/section>\n\t\t\t\t<section class=\"elementor-section elementor-top-section elementor-element elementor-element-9b45ca2 elementor-section-boxed elementor-section-height-default elementor-section-height-default\" data-id=\"9b45ca2\" data-element_type=\"section\">\n\t\t\t\t\t\t<div class=\"elementor-container elementor-column-gap-default\">\n\t\t\t\t\t<div class=\"elementor-column elementor-col-33 elementor-top-column elementor-element elementor-element-cb4134a\" data-id=\"cb4134a\" data-element_type=\"column\">\n\t\t\t<div class=\"elementor-widget-wrap elementor-element-populated\">\n\t\t\t\t\t\t<div class=\"elementor-element elementor-element-f645cf2 elementor-widget elementor-widget-image\" data-id=\"f645cf2\" data-element_type=\"widget\" data-widget_type=\"image.default\">\n\t\t\t\t<div class=\"elementor-widget-container\">\n\t\t\t\t\t\t\t\t\t\t\t\t\t\t\t\t<a href=\"https:\/\/www.wimex-europe.com\/wp-content\/catalogue\/usage-unique-wimex-europe.pdf\" target=\"_blank\">\n\t\t\t\t\t\t\t<img fetchpriority=\"high\" decoding=\"async\" width=\"300\" height=\"300\" src=\"https:\/\/www.wimex-europe.com\/fr\/wp-content\/uploads\/sites\/15\/2024\/08\/catalogue-wimex-europe-300x300-1.png\" class=\"attachment-medium size-medium wp-image-24295\" alt=\"Wimex-Europe grossiste accessoires bain\" srcset=\"https:\/\/www.wimex-europe.com\/fr\/wp-content\/uploads\/sites\/15\/2024\/08\/catalogue-wimex-europe-300x300-1.png 300w, https:\/\/www.wimex-europe.com\/fr\/wp-content\/uploads\/sites\/15\/2024\/08\/catalogue-wimex-europe-300x300-1-120x120.png 120w\" sizes=\"(max-width: 300px) 100vw, 300px\" \/>\t\t\t\t\t\t\t\t<\/a>\n\t\t\t\t\t\t\t\t\t\t\t\t\t\t\t<\/div>\n\t\t\t\t<\/div>\n\t\t\t\t\t<\/div>\n\t\t<\/div>\n\t\t\t\t<div class=\"elementor-column elementor-col-33 elementor-top-column elementor-element elementor-element-f5e3ef3\" data-id=\"f5e3ef3\" data-element_type=\"column\">\n\t\t\t<div class=\"elementor-widget-wrap elementor-element-populated\">\n\t\t\t\t\t\t<div class=\"elementor-element elementor-element-53d8c87 elementor-widget elementor-widget-heading\" data-id=\"53d8c87\" data-element_type=\"widget\" data-widget_type=\"heading.default\">\n\t\t\t\t<div class=\"elementor-widget-container\">\n\t\t\t\t\t<h2 class=\"elementor-heading-title elementor-size-default\">&gt; Les Plus Wimex-Europe<\/h2>\t\t\t\t<\/div>\n\t\t\t\t<\/div>\n\t\t\t\t<div class=\"elementor-element elementor-element-5eff814 elementor-widget elementor-widget-text-editor\" data-id=\"5eff814\" data-element_type=\"widget\" data-widget_type=\"text-editor.default\">\n\t\t\t\t<div class=\"elementor-widget-container\">\n\t\t\t\t\t\t\t\t\t<blockquote><p>Interlocuteur unique<br \/>R\u00e9activit\u00e9<br \/>\u00c9coute des besoins<br \/>Gamme compl\u00e8te<br \/>Personnalisation des produits<br \/>Fabrications<br \/>Fran\u00e7aises &amp; Europ\u00e9ennes<\/p><\/blockquote>\t\t\t\t\t\t\t\t<\/div>\n\t\t\t\t<\/div>\n\t\t\t\t\t<\/div>\n\t\t<\/div>\n\t\t\t\t<div class=\"elementor-column elementor-col-33 elementor-top-column elementor-element elementor-element-d90204a\" data-id=\"d90204a\" data-element_type=\"column\">\n\t\t\t<div class=\"elementor-widget-wrap elementor-element-populated\">\n\t\t\t\t\t\t<div class=\"elementor-element elementor-element-5907e66 elementor-widget elementor-widget-spacer\" data-id=\"5907e66\" data-element_type=\"widget\" data-widget_type=\"spacer.default\">\n\t\t\t\t<div class=\"elementor-widget-container\">\n\t\t\t\t\t\t\t<div class=\"elementor-spacer\">\n\t\t\t<div class=\"elementor-spacer-inner\"><\/div>\n\t\t<\/div>\n\t\t\t\t\t\t<\/div>\n\t\t\t\t<\/div>\n\t\t\t\t<div class=\"elementor-element elementor-element-c677a52 elementor-widget elementor-widget-heading\" data-id=\"c677a52\" data-element_type=\"widget\" data-widget_type=\"heading.default\">\n\t\t\t\t<div class=\"elementor-widget-container\">\n\t\t\t\t\t<h2 class=\"elementor-heading-title elementor-size-default\">&gt; Nous nous adaptons<\/h2>\t\t\t\t<\/div>\n\t\t\t\t<\/div>\n\t\t\t\t<div class=\"elementor-element elementor-element-81515ce elementor-widget elementor-widget-text-editor\" data-id=\"81515ce\" data-element_type=\"widget\" data-widget_type=\"text-editor.default\">\n\t\t\t\t<div class=\"elementor-widget-container\">\n\t\t\t\t\t\t\t\t\t<p style=\"text-align: left;\">Vous avez une demande sp\u00e9cifique <br \/>\u00e0 votre \u00e9tablissement, <br \/>n&rsquo;h\u00e9sitez pas \u00e0 prendre contact avec nous !<\/p>\t\t\t\t\t\t\t\t<\/div>\n\t\t\t\t<\/div>\n\t\t\t\t<div class=\"elementor-element elementor-element-44f7dc5 elementor-align-center elementor-widget elementor-widget-button\" data-id=\"44f7dc5\" data-element_type=\"widget\" data-widget_type=\"button.default\">\n\t\t\t\t<div class=\"elementor-widget-container\">\n\t\t\t\t\t\t\t\t\t<div class=\"elementor-button-wrapper\">\n\t\t\t\t\t<a class=\"elementor-button elementor-button-link elementor-size-sm\" href=\"https:\/\/www.wimex-europe.com\/fr\/contact\/\">\n\t\t\t\t\t\t<span class=\"elementor-button-content-wrapper\">\n\t\t\t\t\t\t\t\t\t<span class=\"elementor-button-text\">CONTACT : T\u00e9l 04 42 24 30 00 -ou- Cliquez ici<\/span>\n\t\t\t\t\t<\/span>\n\t\t\t\t\t<\/a>\n\t\t\t\t<\/div>\n\t\t\t\t\t\t\t\t<\/div>\n\t\t\t\t<\/div>\n\t\t\t\t\t<\/div>\n\t\t<\/div>\n\t\t\t\t\t<\/div>\n\t\t<\/section>\n\t\t\t\t<\/div>\n\t\t","protected":false},"excerpt":{"rendered":"<p>Wimex-Europe : Grossiste accessoires pour Spa, Bien-Etre, Thermes et Thalassoth\u00e9rapie Depuis sa cre\u0301ation en 1992, la socie\u0301te\u0301 WIMEX-EUROPE, base\u0301e a\u0300 Aix en Provence, cre\u0301e\u0301e pour diffuser en France les produits de natation, de spa et de loisirs de la socie\u0301te\u0301 allemande Fashy\u00a9, s\u2019est spe\u0301cialise\u0301e dans la distribution d\u2019accessoires pour e\u0301quiper le curiste et le monde [&hellip;]<\/p>\n","protected":false},"author":1,"featured_media":0,"parent":0,"menu_order":0,"comment_status":"closed","ping_status":"closed","template":"","meta":{"om_disable_all_campaigns":false,"_uf_show_specific_survey":0,"_uf_disable_surveys":false,"ocean_post_layout":"","ocean_both_sidebars_style":"","ocean_both_sidebars_content_width":0,"ocean_both_sidebars_sidebars_width":0,"ocean_sidebar":"0","ocean_second_sidebar":"0","ocean_disable_margins":"enable","ocean_add_body_class":"","ocean_shortcode_before_top_bar":"","ocean_shortcode_after_top_bar":"","ocean_shortcode_before_header":"","ocean_shortcode_after_header":"","ocean_has_shortcode":"","ocean_shortcode_after_title":"","ocean_shortcode_before_footer_widgets":"","ocean_shortcode_after_footer_widgets":"","ocean_shortcode_before_footer_bottom":"","ocean_shortcode_after_footer_bottom":"","ocean_display_top_bar":"default","ocean_display_header":"default","ocean_header_style":"","ocean_center_header_left_menu":"0","ocean_custom_header_template":"0","ocean_custom_logo":0,"ocean_custom_retina_logo":0,"ocean_custom_logo_max_width":0,"ocean_custom_logo_tablet_max_width":0,"ocean_custom_logo_mobile_max_width":0,"ocean_custom_logo_max_height":0,"ocean_custom_logo_tablet_max_height":0,"ocean_custom_logo_mobile_max_height":0,"ocean_header_custom_menu":"0","ocean_menu_typo_font_family":"0","ocean_menu_typo_font_subset":"","ocean_menu_typo_font_size":0,"ocean_menu_typo_font_size_tablet":0,"ocean_menu_typo_font_size_mobile":0,"ocean_menu_typo_font_size_unit":"px","ocean_menu_typo_font_weight":"","ocean_menu_typo_font_weight_tablet":"","ocean_menu_typo_font_weight_mobile":"","ocean_menu_typo_transform":"","ocean_menu_typo_transform_tablet":"","ocean_menu_typo_transform_mobile":"","ocean_menu_typo_line_height":0,"ocean_menu_typo_line_height_tablet":0,"ocean_menu_typo_line_height_mobile":0,"ocean_menu_typo_line_height_unit":"","ocean_menu_typo_spacing":0,"ocean_menu_typo_spacing_tablet":0,"ocean_menu_typo_spacing_mobile":0,"ocean_menu_typo_spacing_unit":"","ocean_menu_link_color":"","ocean_menu_link_color_hover":"","ocean_menu_link_color_active":"","ocean_menu_link_background":"","ocean_menu_link_hover_background":"","ocean_menu_link_active_background":"","ocean_menu_social_links_bg":"","ocean_menu_social_hover_links_bg":"","ocean_menu_social_links_color":"","ocean_menu_social_hover_links_color":"","ocean_disable_title":"default","ocean_disable_heading":"default","ocean_post_title":"","ocean_post_subheading":"","ocean_post_title_style":"","ocean_post_title_background_color":"","ocean_post_title_background":0,"ocean_post_title_bg_image_position":"","ocean_post_title_bg_image_attachment":"","ocean_post_title_bg_image_repeat":"","ocean_post_title_bg_image_size":"","ocean_post_title_height":0,"ocean_post_title_bg_overlay":0.5,"ocean_post_title_bg_overlay_color":"","ocean_disable_breadcrumbs":"default","ocean_breadcrumbs_color":"","ocean_breadcrumbs_separator_color":"","ocean_breadcrumbs_links_color":"","ocean_breadcrumbs_links_hover_color":"","ocean_display_footer_widgets":"default","ocean_display_footer_bottom":"default","ocean_custom_footer_template":"0","footnotes":""},"class_list":["post-287","page","type-page","status-publish","hentry","entry"],"yoast_head":"<!-- This site is optimized with the Yoast SEO plugin v25.7 - https:\/\/yoast.com\/wordpress\/plugins\/seo\/ -->\n<title>Articles de Natation, Piscine, Spa, Thalassoth\u00e9rapie<\/title>\n<meta name=\"description\" content=\"Sp\u00e9cialiste d&#039;articles de natation, offre une gamme tr\u00e8s compl\u00e8te, Bonnets de bain, Chaussures en plastique, Maillots de bain, Lunettes, Mat\u00e9riel Aquagym.\" \/>\n<meta name=\"robots\" content=\"index, follow, max-snippet:-1, max-image-preview:large, max-video-preview:-1\" \/>\n<link rel=\"canonical\" href=\"https:\/\/www.wimex-europe.com\/fr\/societe-articles-natation\/\" \/>\n<meta property=\"og:locale\" content=\"fr_FR\" \/>\n<meta property=\"og:type\" content=\"article\" \/>\n<meta property=\"og:title\" content=\"Articles de Natation, Piscine, Spa, Thalassoth\u00e9rapie\" \/>\n<meta property=\"og:description\" content=\"Sp\u00e9cialiste d&#039;articles de natation, offre une gamme tr\u00e8s compl\u00e8te, Bonnets de bain, Chaussures en plastique, Maillots de bain, Lunettes, Mat\u00e9riel Aquagym.\" \/>\n<meta property=\"og:url\" content=\"https:\/\/www.wimex-europe.com\/fr\/societe-articles-natation\/\" \/>\n<meta property=\"og:site_name\" content=\"Wimex-Europe\" \/>\n<meta property=\"article:modified_time\" content=\"2024-08-26T11:18:52+00:00\" \/>\n<meta property=\"og:image\" content=\"http:\/\/www.wimex-europe.com\/fr\/wp-content\/uploads\/sites\/15\/2024\/08\/catalogue-wimex-europe-300x300-1.png\" \/>\n<meta name=\"twitter:label1\" content=\"Dur\u00e9e de lecture estim\u00e9e\" \/>\n\t<meta name=\"twitter:data1\" content=\"2 minutes\" \/>\n<script type=\"application\/ld+json\" class=\"yoast-schema-graph\">{\"@context\":\"https:\/\/schema.org\",\"@graph\":[{\"@type\":\"WebPage\",\"@id\":\"https:\/\/www.wimex-europe.com\/fr\/societe-articles-natation\/\",\"url\":\"https:\/\/www.wimex-europe.com\/fr\/societe-articles-natation\/\",\"name\":\"Articles de Natation, Piscine, Spa, Thalassoth\u00e9rapie\",\"isPartOf\":{\"@id\":\"https:\/\/www.wimex-europe.com\/fr\/#website\"},\"primaryImageOfPage\":{\"@id\":\"https:\/\/www.wimex-europe.com\/fr\/societe-articles-natation\/#primaryimage\"},\"image\":{\"@id\":\"https:\/\/www.wimex-europe.com\/fr\/societe-articles-natation\/#primaryimage\"},\"thumbnailUrl\":\"http:\/\/www.wimex-europe.com\/fr\/wp-content\/uploads\/sites\/15\/2024\/08\/catalogue-wimex-europe-300x300-1.png\",\"datePublished\":\"2014-08-24T21:03:52+00:00\",\"dateModified\":\"2024-08-26T11:18:52+00:00\",\"description\":\"Sp\u00e9cialiste d'articles de natation, offre une gamme tr\u00e8s compl\u00e8te, Bonnets de bain, Chaussures en plastique, Maillots de bain, Lunettes, Mat\u00e9riel Aquagym.\",\"breadcrumb\":{\"@id\":\"https:\/\/www.wimex-europe.com\/fr\/societe-articles-natation\/#breadcrumb\"},\"inLanguage\":\"fr-FR\",\"potentialAction\":[{\"@type\":\"ReadAction\",\"target\":[\"https:\/\/www.wimex-europe.com\/fr\/societe-articles-natation\/\"]}]},{\"@type\":\"ImageObject\",\"inLanguage\":\"fr-FR\",\"@id\":\"https:\/\/www.wimex-europe.com\/fr\/societe-articles-natation\/#primaryimage\",\"url\":\"https:\/\/www.wimex-europe.com\/fr\/wp-content\/uploads\/sites\/15\/2024\/08\/catalogue-wimex-europe-300x300-1.png\",\"contentUrl\":\"https:\/\/www.wimex-europe.com\/fr\/wp-content\/uploads\/sites\/15\/2024\/08\/catalogue-wimex-europe-300x300-1.png\",\"width\":300,\"height\":300,\"caption\":\"Wimex-Europe grossiste accessoires bain\"},{\"@type\":\"BreadcrumbList\",\"@id\":\"https:\/\/www.wimex-europe.com\/fr\/societe-articles-natation\/#breadcrumb\",\"itemListElement\":[{\"@type\":\"ListItem\",\"position\":1,\"name\":\"Accueil\",\"item\":\"https:\/\/www.wimex-europe.com\/fr\/\"},{\"@type\":\"ListItem\",\"position\":2,\"name\":\"La soci\u00e9t\u00e9 Wimex-Europe\"}]},{\"@type\":\"WebSite\",\"@id\":\"https:\/\/www.wimex-europe.com\/fr\/#website\",\"url\":\"https:\/\/www.wimex-europe.com\/fr\/\",\"name\":\"Wimex-Europe\",\"description\":\"Grossiste Accessoires Bain, Cure, Bien-Etre, Spa, Thermes, Thalassoth\u00e9rapie\",\"publisher\":{\"@id\":\"https:\/\/www.wimex-europe.com\/fr\/#organization\"},\"potentialAction\":[{\"@type\":\"SearchAction\",\"target\":{\"@type\":\"EntryPoint\",\"urlTemplate\":\"https:\/\/www.wimex-europe.com\/fr\/?s={search_term_string}\"},\"query-input\":{\"@type\":\"PropertyValueSpecification\",\"valueRequired\":true,\"valueName\":\"search_term_string\"}}],\"inLanguage\":\"fr-FR\"},{\"@type\":\"Organization\",\"@id\":\"https:\/\/www.wimex-europe.com\/fr\/#organization\",\"name\":\"Wimex-Europe\",\"url\":\"https:\/\/www.wimex-europe.com\/fr\/\",\"logo\":{\"@type\":\"ImageObject\",\"inLanguage\":\"fr-FR\",\"@id\":\"https:\/\/www.wimex-europe.com\/fr\/#\/schema\/logo\/image\/\",\"url\":\"https:\/\/www.wimex-europe.com\/fr\/wp-content\/uploads\/sites\/15\/2020\/11\/wimex-europe-bain-spa-thermes.png\",\"contentUrl\":\"https:\/\/www.wimex-europe.com\/fr\/wp-content\/uploads\/sites\/15\/2020\/11\/wimex-europe-bain-spa-thermes.png\",\"width\":461,\"height\":71,\"caption\":\"Wimex-Europe\"},\"image\":{\"@id\":\"https:\/\/www.wimex-europe.com\/fr\/#\/schema\/logo\/image\/\"}}]}<\/script>\n<!-- \/ Yoast SEO plugin. -->","yoast_head_json":{"title":"Articles de Natation, Piscine, Spa, Thalassoth\u00e9rapie","description":"Sp\u00e9cialiste d'articles de natation, offre une gamme tr\u00e8s compl\u00e8te, Bonnets de bain, Chaussures en plastique, Maillots de bain, Lunettes, Mat\u00e9riel Aquagym.","robots":{"index":"index","follow":"follow","max-snippet":"max-snippet:-1","max-image-preview":"max-image-preview:large","max-video-preview":"max-video-preview:-1"},"canonical":"https:\/\/www.wimex-europe.com\/fr\/societe-articles-natation\/","og_locale":"fr_FR","og_type":"article","og_title":"Articles de Natation, Piscine, Spa, Thalassoth\u00e9rapie","og_description":"Sp\u00e9cialiste d'articles de natation, offre une gamme tr\u00e8s compl\u00e8te, Bonnets de bain, Chaussures en plastique, Maillots de bain, Lunettes, Mat\u00e9riel Aquagym.","og_url":"https:\/\/www.wimex-europe.com\/fr\/societe-articles-natation\/","og_site_name":"Wimex-Europe","article_modified_time":"2024-08-26T11:18:52+00:00","og_image":[{"url":"http:\/\/www.wimex-europe.com\/fr\/wp-content\/uploads\/sites\/15\/2024\/08\/catalogue-wimex-europe-300x300-1.png","type":"","width":"","height":""}],"twitter_misc":{"Dur\u00e9e de lecture estim\u00e9e":"2 minutes"},"schema":{"@context":"https:\/\/schema.org","@graph":[{"@type":"WebPage","@id":"https:\/\/www.wimex-europe.com\/fr\/societe-articles-natation\/","url":"https:\/\/www.wimex-europe.com\/fr\/societe-articles-natation\/","name":"Articles de Natation, Piscine, Spa, Thalassoth\u00e9rapie","isPartOf":{"@id":"https:\/\/www.wimex-europe.com\/fr\/#website"},"primaryImageOfPage":{"@id":"https:\/\/www.wimex-europe.com\/fr\/societe-articles-natation\/#primaryimage"},"image":{"@id":"https:\/\/www.wimex-europe.com\/fr\/societe-articles-natation\/#primaryimage"},"thumbnailUrl":"http:\/\/www.wimex-europe.com\/fr\/wp-content\/uploads\/sites\/15\/2024\/08\/catalogue-wimex-europe-300x300-1.png","datePublished":"2014-08-24T21:03:52+00:00","dateModified":"2024-08-26T11:18:52+00:00","description":"Sp\u00e9cialiste d'articles de natation, offre une gamme tr\u00e8s compl\u00e8te, Bonnets de bain, Chaussures en plastique, Maillots de bain, Lunettes, Mat\u00e9riel Aquagym.","breadcrumb":{"@id":"https:\/\/www.wimex-europe.com\/fr\/societe-articles-natation\/#breadcrumb"},"inLanguage":"fr-FR","potentialAction":[{"@type":"ReadAction","target":["https:\/\/www.wimex-europe.com\/fr\/societe-articles-natation\/"]}]},{"@type":"ImageObject","inLanguage":"fr-FR","@id":"https:\/\/www.wimex-europe.com\/fr\/societe-articles-natation\/#primaryimage","url":"https:\/\/www.wimex-europe.com\/fr\/wp-content\/uploads\/sites\/15\/2024\/08\/catalogue-wimex-europe-300x300-1.png","contentUrl":"https:\/\/www.wimex-europe.com\/fr\/wp-content\/uploads\/sites\/15\/2024\/08\/catalogue-wimex-europe-300x300-1.png","width":300,"height":300,"caption":"Wimex-Europe grossiste accessoires bain"},{"@type":"BreadcrumbList","@id":"https:\/\/www.wimex-europe.com\/fr\/societe-articles-natation\/#breadcrumb","itemListElement":[{"@type":"ListItem","position":1,"name":"Accueil","item":"https:\/\/www.wimex-europe.com\/fr\/"},{"@type":"ListItem","position":2,"name":"La soci\u00e9t\u00e9 Wimex-Europe"}]},{"@type":"WebSite","@id":"https:\/\/www.wimex-europe.com\/fr\/#website","url":"https:\/\/www.wimex-europe.com\/fr\/","name":"Wimex-Europe","description":"Grossiste Accessoires Bain, Cure, Bien-Etre, Spa, Thermes, Thalassoth\u00e9rapie","publisher":{"@id":"https:\/\/www.wimex-europe.com\/fr\/#organization"},"potentialAction":[{"@type":"SearchAction","target":{"@type":"EntryPoint","urlTemplate":"https:\/\/www.wimex-europe.com\/fr\/?s={search_term_string}"},"query-input":{"@type":"PropertyValueSpecification","valueRequired":true,"valueName":"search_term_string"}}],"inLanguage":"fr-FR"},{"@type":"Organization","@id":"https:\/\/www.wimex-europe.com\/fr\/#organization","name":"Wimex-Europe","url":"https:\/\/www.wimex-europe.com\/fr\/","logo":{"@type":"ImageObject","inLanguage":"fr-FR","@id":"https:\/\/www.wimex-europe.com\/fr\/#\/schema\/logo\/image\/","url":"https:\/\/www.wimex-europe.com\/fr\/wp-content\/uploads\/sites\/15\/2020\/11\/wimex-europe-bain-spa-thermes.png","contentUrl":"https:\/\/www.wimex-europe.com\/fr\/wp-content\/uploads\/sites\/15\/2020\/11\/wimex-europe-bain-spa-thermes.png","width":461,"height":71,"caption":"Wimex-Europe"},"image":{"@id":"https:\/\/www.wimex-europe.com\/fr\/#\/schema\/logo\/image\/"}}]}},"_links":{"self":[{"href":"https:\/\/www.wimex-europe.com\/fr\/wp-json\/wp\/v2\/pages\/287","targetHints":{"allow":["GET"]}}],"collection":[{"href":"https:\/\/www.wimex-europe.com\/fr\/wp-json\/wp\/v2\/pages"}],"about":[{"href":"https:\/\/www.wimex-europe.com\/fr\/wp-json\/wp\/v2\/types\/page"}],"author":[{"embeddable":true,"href":"https:\/\/www.wimex-europe.com\/fr\/wp-json\/wp\/v2\/users\/1"}],"replies":[{"embeddable":true,"href":"https:\/\/www.wimex-europe.com\/fr\/wp-json\/wp\/v2\/comments?post=287"}],"version-history":[{"count":1,"href":"https:\/\/www.wimex-europe.com\/fr\/wp-json\/wp\/v2\/pages\/287\/revisions"}],"predecessor-version":[{"id":24299,"href":"https:\/\/www.wimex-europe.com\/fr\/wp-json\/wp\/v2\/pages\/287\/revisions\/24299"}],"wp:attachment":[{"href":"https:\/\/www.wimex-europe.com\/fr\/wp-json\/wp\/v2\/media?parent=287"}],"curies":[{"name":"wp","href":"https:\/\/api.w.org\/{rel}","templated":true}]}}