{"id":12618,"date":"2021-05-12T11:00:56","date_gmt":"2021-05-12T10:00:56","guid":{"rendered":"https:\/\/www.wimex-europe.com\/fr\/?page_id=12618"},"modified":"2021-05-12T15:07:19","modified_gmt":"2021-05-12T14:07:19","slug":"confidentialite","status":"publish","type":"page","link":"https:\/\/www.wimex-europe.com\/fr\/confidentialite\/","title":{"rendered":"Confidentialit\u00e9"},"content":{"rendered":"\t\t<div data-elementor-type=\"wp-page\" data-elementor-id=\"12618\" class=\"elementor elementor-12618\">\n\t\t\t\t\t\t<section class=\"elementor-section elementor-top-section elementor-element elementor-element-571083b elementor-section-boxed elementor-section-height-default elementor-section-height-default\" data-id=\"571083b\" data-element_type=\"section\">\n\t\t\t\t\t\t<div class=\"elementor-container elementor-column-gap-default\">\n\t\t\t\t\t<div class=\"elementor-column elementor-col-100 elementor-top-column elementor-element elementor-element-821a74f\" data-id=\"821a74f\" data-element_type=\"column\">\n\t\t\t<div class=\"elementor-widget-wrap elementor-element-populated\">\n\t\t\t\t\t\t<div class=\"elementor-element elementor-element-531eda4 elementor-widget elementor-widget-heading\" data-id=\"531eda4\" data-element_type=\"widget\" data-widget_type=\"heading.default\">\n\t\t\t\t<div class=\"elementor-widget-container\">\n\t\t\t\t\t<h1 class=\"elementor-heading-title elementor-size-default\">Politique de confidentialit\u00e9 <\/h1>\t\t\t\t<\/div>\n\t\t\t\t<\/div>\n\t\t\t\t<div class=\"elementor-element elementor-element-364af14 elementor-widget elementor-widget-text-editor\" data-id=\"364af14\" data-element_type=\"widget\" data-widget_type=\"text-editor.default\">\n\t\t\t\t<div class=\"elementor-widget-container\">\n\t\t\t\t\t\t\t\t\t<p><strong>Vie priv\u00e9e et donn\u00e9es \u00e0 caract\u00e8re personnel<\/strong><\/p><p>Nous respectons votre vie priv\u00e9e. Pour que vous puissiez acc\u00e9der \u00e0 nos produits et services, nous devons parfois recueillir et stocker des donn\u00e9es \u00e0 caract\u00e8re personnel vous concernant lors de votre utilisation de notre site (https:\/\/www.Wimex-Europe.com\/).<\/p><p><strong> &#8230; Que recueillons-nous ?<\/strong><\/p><p>Les informations que vous nous communiquez lors de la cr\u00e9ation d&rsquo;une commande ou lors d&rsquo;une demande de contact y compris votre nom complet, votre adresse postale, votre adresse mail et \u00e9ventuellement votre num\u00e9ro de t\u00e9l\u00e9phone.<\/p><p>Lorsque vous utilisez ce site, les informations concernant les produits, les offres et les informations avec lesquels vous interagissez peuvent \u00e9galement \u00eatre stock\u00e9es dans un cookie et \u00e9ventuellement li\u00e9es avec celles de votre profil utilisateur s\u2019il existe et que vous \u00eates connect\u00e9.<\/p><p><strong>&#8230; Comment ces informations sont-elles utilis\u00e9es ?<\/strong><\/p><p>Ces informations ne sont utilis\u00e9es que pour vous permettre d&rsquo;acc\u00e9der de la mani\u00e8re la plus simple et efficace possible \u00e0 nos produits et services.<\/p><p>Les statistiques sur l&rsquo;utilisation que vous faites du site sont \u00e9galement utilis\u00e9es pour l&rsquo;am\u00e9liorer tout autant que les services fournis.<\/p><p><strong> &#8230; \u00c0 qui puis-je m&rsquo;adresser ?<\/strong><\/p><p>Le d\u00e9l\u00e9gu\u00e9 \u00e0 la protection des donn\u00e9es est Laurent Wolter qui est joignable \u00e0 l\u2019adresse e-mail suivante : contact@wimex-europe.com<\/p><p><strong> &#8230; Avec qui mes informations sont-elles partag\u00e9es ?<\/strong><\/p><p>Tout ou partie de vos informations peut-\u00eatre partag\u00e9 avec les syst\u00e8mes informatiques des tiers suivants \u00e0 des fins de sauvegarde, statistique, livraison, paiement ou communication : E-mailing (nom, pr\u00e9nom et adresse emails uniquement). Google (adresse IP uniquement).<\/p><p>Nous veillons cependant \u00e0 n\u2019exporter que le minimum d\u2019informations requis pour les actions \u00e0 effectuer et au respect de la confidentialit\u00e9 de vos donn\u00e9es par nos partenaires ou prestataires.<\/p><p>Cependant Wimex-Europe ne pourrait \u00eatre tenue responsable en cas de fuite ou vol de donn\u00e9es dans les syst\u00e8mes informatiques des tiers list\u00e9s ci-dessus.<\/p><p><strong> &#8230; Quelle est la dur\u00e9e de conservation de mes donn\u00e9es ?<\/strong><\/p><p>Vos donn\u00e9es personnelles sont stock\u00e9es aussi longtemps que vous \u00eates inscrit(e) en tant que client(e) sur notre site ou en tant que destinataire sur notre liste de diffusion.<\/p><p>Les autres donn\u00e9es, en g\u00e9n\u00e9ral transmises lors d&rsquo;une demande, sont conserv\u00e9es au maximum 24 mois.<\/p><p><strong>&#8230; Comment puis-je retirer mon consentement donn\u00e9 \u00e0 Wimex-Europe de stocker et traiter mes donn\u00e9es \u00e0 caract\u00e8re personnel ?<\/strong><\/p><p>Si vous avez pr\u00e9c\u00e9demment donn\u00e9 votre accord \u00e0 Wimex-Europe pour stocker et traiter vos donn\u00e9es \u00e0 caract\u00e8re personnel conform\u00e9ment avec la politique de confidentialit\u00e9, et que vous voulez le retirer, vous pouvez envoyer un e-mail au d\u00e9l\u00e9gu\u00e9 \u00e0 la protection des donn\u00e9es.<\/p><p><strong> &#8230; Comment puis-je r\u00e9clamer que mes donn\u00e9es \u00e0 caract\u00e8re personnel soient corrig\u00e9es ou supprim\u00e9es ?<\/strong><\/p><p>Vous pouvez demander la correction des informations de votre profil en nous adressant une demande par e-mail. Si vous avez des questions, ou que vous souhaitez que d&rsquo;autres donn\u00e9es soient corrig\u00e9es ou effac\u00e9es, vous pouvez envoyer un courriel au d\u00e9l\u00e9gu\u00e9 \u00e0 la protection des donn\u00e9es.<\/p><p><strong> &#8230; Comment r\u00e9clamer une copie de mes donn\u00e9es \u00e0 caract\u00e8re personnel qui ont \u00e9t\u00e9 recueillies ?<\/strong><\/p><p>Vous pouvez demander une copie de toutes les donn\u00e9es \u00e0 caract\u00e8re personnel vous concernant conform\u00e9ment avec cette politique de confidentialit\u00e9.<\/p><p>Pour ce faire, vous pouvez envoyer un courriel au d\u00e9l\u00e9gu\u00e9 \u00e0 la protection des donn\u00e9es.<\/p>\t\t\t\t\t\t\t\t<\/div>\n\t\t\t\t<\/div>\n\t\t\t\t\t<\/div>\n\t\t<\/div>\n\t\t\t\t\t<\/div>\n\t\t<\/section>\n\t\t\t\t<\/div>\n\t\t","protected":false},"excerpt":{"rendered":"<p>Politique de confidentialit\u00e9 Vie priv\u00e9e et donn\u00e9es \u00e0 caract\u00e8re personnel Nous respectons votre vie priv\u00e9e. Pour que vous puissiez acc\u00e9der \u00e0 nos produits et services, nous devons parfois recueillir et stocker des donn\u00e9es \u00e0 caract\u00e8re personnel vous concernant lors de votre utilisation de notre site (https:\/\/www.Wimex-Europe.com\/). &#8230; Que recueillons-nous ? Les informations que vous nous [&hellip;]<\/p>\n","protected":false},"author":1,"featured_media":0,"parent":0,"menu_order":0,"comment_status":"closed","ping_status":"closed","template":"","meta":{"om_disable_all_campaigns":false,"_uf_show_specific_survey":0,"_uf_disable_surveys":false,"ocean_post_layout":"","ocean_both_sidebars_style":"","ocean_both_sidebars_content_width":0,"ocean_both_sidebars_sidebars_width":0,"ocean_sidebar":"0","ocean_second_sidebar":"0","ocean_disable_margins":"enable","ocean_add_body_class":"","ocean_shortcode_before_top_bar":"","ocean_shortcode_after_top_bar":"","ocean_shortcode_before_header":"","ocean_shortcode_after_header":"","ocean_has_shortcode":"","ocean_shortcode_after_title":"","ocean_shortcode_before_footer_widgets":"","ocean_shortcode_after_footer_widgets":"","ocean_shortcode_before_footer_bottom":"","ocean_shortcode_after_footer_bottom":"","ocean_display_top_bar":"default","ocean_display_header":"default","ocean_header_style":"","ocean_center_header_left_menu":"0","ocean_custom_header_template":"0","ocean_custom_logo":0,"ocean_custom_retina_logo":0,"ocean_custom_logo_max_width":0,"ocean_custom_logo_tablet_max_width":0,"ocean_custom_logo_mobile_max_width":0,"ocean_custom_logo_max_height":0,"ocean_custom_logo_tablet_max_height":0,"ocean_custom_logo_mobile_max_height":0,"ocean_header_custom_menu":"0","ocean_menu_typo_font_family":"0","ocean_menu_typo_font_subset":"","ocean_menu_typo_font_size":0,"ocean_menu_typo_font_size_tablet":0,"ocean_menu_typo_font_size_mobile":0,"ocean_menu_typo_font_size_unit":"px","ocean_menu_typo_font_weight":"","ocean_menu_typo_font_weight_tablet":"","ocean_menu_typo_font_weight_mobile":"","ocean_menu_typo_transform":"","ocean_menu_typo_transform_tablet":"","ocean_menu_typo_transform_mobile":"","ocean_menu_typo_line_height":0,"ocean_menu_typo_line_height_tablet":0,"ocean_menu_typo_line_height_mobile":0,"ocean_menu_typo_line_height_unit":"","ocean_menu_typo_spacing":0,"ocean_menu_typo_spacing_tablet":0,"ocean_menu_typo_spacing_mobile":0,"ocean_menu_typo_spacing_unit":"","ocean_menu_link_color":"","ocean_menu_link_color_hover":"","ocean_menu_link_color_active":"","ocean_menu_link_background":"","ocean_menu_link_hover_background":"","ocean_menu_link_active_background":"","ocean_menu_social_links_bg":"","ocean_menu_social_hover_links_bg":"","ocean_menu_social_links_color":"","ocean_menu_social_hover_links_color":"","ocean_disable_title":"default","ocean_disable_heading":"default","ocean_post_title":"","ocean_post_subheading":"","ocean_post_title_style":"","ocean_post_title_background_color":"","ocean_post_title_background":0,"ocean_post_title_bg_image_position":"","ocean_post_title_bg_image_attachment":"","ocean_post_title_bg_image_repeat":"","ocean_post_title_bg_image_size":"","ocean_post_title_height":0,"ocean_post_title_bg_overlay":0.5,"ocean_post_title_bg_overlay_color":"","ocean_disable_breadcrumbs":"default","ocean_breadcrumbs_color":"","ocean_breadcrumbs_separator_color":"","ocean_breadcrumbs_links_color":"","ocean_breadcrumbs_links_hover_color":"","ocean_display_footer_widgets":"default","ocean_display_footer_bottom":"default","ocean_custom_footer_template":"0","footnotes":""},"class_list":["post-12618","page","type-page","status-publish","hentry","entry"],"yoast_head":"<!-- This site is optimized with the Yoast SEO plugin v25.7 - https:\/\/yoast.com\/wordpress\/plugins\/seo\/ -->\n<title>Confidentialit\u00e9 - Wimex-Europe<\/title>\n<meta name=\"description\" content=\"Pour que vous puissiez acc\u00e9der \u00e0 nos produits, nous devons parfois recueillir des donn\u00e9es \u00e0 caract\u00e8re personnel lors de votre visite.\" \/>\n<meta name=\"robots\" content=\"index, follow, max-snippet:-1, max-image-preview:large, max-video-preview:-1\" \/>\n<link rel=\"canonical\" href=\"https:\/\/www.wimex-europe.com\/fr\/confidentialite\/\" \/>\n<meta property=\"og:locale\" content=\"fr_FR\" \/>\n<meta property=\"og:type\" content=\"article\" \/>\n<meta property=\"og:title\" content=\"Confidentialit\u00e9 - Wimex-Europe\" \/>\n<meta property=\"og:description\" content=\"Pour que vous puissiez acc\u00e9der \u00e0 nos produits, nous devons parfois recueillir des donn\u00e9es \u00e0 caract\u00e8re personnel lors de votre visite.\" \/>\n<meta property=\"og:url\" content=\"https:\/\/www.wimex-europe.com\/fr\/confidentialite\/\" \/>\n<meta property=\"og:site_name\" content=\"Wimex-Europe\" \/>\n<meta property=\"article:modified_time\" content=\"2021-05-12T14:07:19+00:00\" \/>\n<meta name=\"twitter:label1\" content=\"Dur\u00e9e de lecture estim\u00e9e\" \/>\n\t<meta name=\"twitter:data1\" content=\"3 minutes\" \/>\n<script type=\"application\/ld+json\" class=\"yoast-schema-graph\">{\"@context\":\"https:\/\/schema.org\",\"@graph\":[{\"@type\":\"WebPage\",\"@id\":\"https:\/\/www.wimex-europe.com\/fr\/confidentialite\/\",\"url\":\"https:\/\/www.wimex-europe.com\/fr\/confidentialite\/\",\"name\":\"Confidentialit\u00e9 - Wimex-Europe\",\"isPartOf\":{\"@id\":\"https:\/\/www.wimex-europe.com\/fr\/#website\"},\"datePublished\":\"2021-05-12T10:00:56+00:00\",\"dateModified\":\"2021-05-12T14:07:19+00:00\",\"description\":\"Pour que vous puissiez acc\u00e9der \u00e0 nos produits, nous devons parfois recueillir des donn\u00e9es \u00e0 caract\u00e8re personnel lors de votre visite.\",\"breadcrumb\":{\"@id\":\"https:\/\/www.wimex-europe.com\/fr\/confidentialite\/#breadcrumb\"},\"inLanguage\":\"fr-FR\",\"potentialAction\":[{\"@type\":\"ReadAction\",\"target\":[\"https:\/\/www.wimex-europe.com\/fr\/confidentialite\/\"]}]},{\"@type\":\"BreadcrumbList\",\"@id\":\"https:\/\/www.wimex-europe.com\/fr\/confidentialite\/#breadcrumb\",\"itemListElement\":[{\"@type\":\"ListItem\",\"position\":1,\"name\":\"Accueil\",\"item\":\"https:\/\/www.wimex-europe.com\/fr\/\"},{\"@type\":\"ListItem\",\"position\":2,\"name\":\"Confidentialit\u00e9\"}]},{\"@type\":\"WebSite\",\"@id\":\"https:\/\/www.wimex-europe.com\/fr\/#website\",\"url\":\"https:\/\/www.wimex-europe.com\/fr\/\",\"name\":\"Wimex-Europe\",\"description\":\"Grossiste Accessoires Bain, Cure, Bien-Etre, Spa, Thermes, Thalassoth\u00e9rapie\",\"publisher\":{\"@id\":\"https:\/\/www.wimex-europe.com\/fr\/#organization\"},\"potentialAction\":[{\"@type\":\"SearchAction\",\"target\":{\"@type\":\"EntryPoint\",\"urlTemplate\":\"https:\/\/www.wimex-europe.com\/fr\/?s={search_term_string}\"},\"query-input\":{\"@type\":\"PropertyValueSpecification\",\"valueRequired\":true,\"valueName\":\"search_term_string\"}}],\"inLanguage\":\"fr-FR\"},{\"@type\":\"Organization\",\"@id\":\"https:\/\/www.wimex-europe.com\/fr\/#organization\",\"name\":\"Wimex-Europe\",\"url\":\"https:\/\/www.wimex-europe.com\/fr\/\",\"logo\":{\"@type\":\"ImageObject\",\"inLanguage\":\"fr-FR\",\"@id\":\"https:\/\/www.wimex-europe.com\/fr\/#\/schema\/logo\/image\/\",\"url\":\"https:\/\/www.wimex-europe.com\/fr\/wp-content\/uploads\/sites\/15\/2020\/11\/wimex-europe-bain-spa-thermes.png\",\"contentUrl\":\"https:\/\/www.wimex-europe.com\/fr\/wp-content\/uploads\/sites\/15\/2020\/11\/wimex-europe-bain-spa-thermes.png\",\"width\":461,\"height\":71,\"caption\":\"Wimex-Europe\"},\"image\":{\"@id\":\"https:\/\/www.wimex-europe.com\/fr\/#\/schema\/logo\/image\/\"}}]}<\/script>\n<!-- \/ Yoast SEO plugin. -->","yoast_head_json":{"title":"Confidentialit\u00e9 - Wimex-Europe","description":"Pour que vous puissiez acc\u00e9der \u00e0 nos produits, nous devons parfois recueillir des donn\u00e9es \u00e0 caract\u00e8re personnel lors de votre visite.","robots":{"index":"index","follow":"follow","max-snippet":"max-snippet:-1","max-image-preview":"max-image-preview:large","max-video-preview":"max-video-preview:-1"},"canonical":"https:\/\/www.wimex-europe.com\/fr\/confidentialite\/","og_locale":"fr_FR","og_type":"article","og_title":"Confidentialit\u00e9 - Wimex-Europe","og_description":"Pour que vous puissiez acc\u00e9der \u00e0 nos produits, nous devons parfois recueillir des donn\u00e9es \u00e0 caract\u00e8re personnel lors de votre visite.","og_url":"https:\/\/www.wimex-europe.com\/fr\/confidentialite\/","og_site_name":"Wimex-Europe","article_modified_time":"2021-05-12T14:07:19+00:00","twitter_misc":{"Dur\u00e9e de lecture estim\u00e9e":"3 minutes"},"schema":{"@context":"https:\/\/schema.org","@graph":[{"@type":"WebPage","@id":"https:\/\/www.wimex-europe.com\/fr\/confidentialite\/","url":"https:\/\/www.wimex-europe.com\/fr\/confidentialite\/","name":"Confidentialit\u00e9 - Wimex-Europe","isPartOf":{"@id":"https:\/\/www.wimex-europe.com\/fr\/#website"},"datePublished":"2021-05-12T10:00:56+00:00","dateModified":"2021-05-12T14:07:19+00:00","description":"Pour que vous puissiez acc\u00e9der \u00e0 nos produits, nous devons parfois recueillir des donn\u00e9es \u00e0 caract\u00e8re personnel lors de votre visite.","breadcrumb":{"@id":"https:\/\/www.wimex-europe.com\/fr\/confidentialite\/#breadcrumb"},"inLanguage":"fr-FR","potentialAction":[{"@type":"ReadAction","target":["https:\/\/www.wimex-europe.com\/fr\/confidentialite\/"]}]},{"@type":"BreadcrumbList","@id":"https:\/\/www.wimex-europe.com\/fr\/confidentialite\/#breadcrumb","itemListElement":[{"@type":"ListItem","position":1,"name":"Accueil","item":"https:\/\/www.wimex-europe.com\/fr\/"},{"@type":"ListItem","position":2,"name":"Confidentialit\u00e9"}]},{"@type":"WebSite","@id":"https:\/\/www.wimex-europe.com\/fr\/#website","url":"https:\/\/www.wimex-europe.com\/fr\/","name":"Wimex-Europe","description":"Grossiste Accessoires Bain, Cure, Bien-Etre, Spa, Thermes, Thalassoth\u00e9rapie","publisher":{"@id":"https:\/\/www.wimex-europe.com\/fr\/#organization"},"potentialAction":[{"@type":"SearchAction","target":{"@type":"EntryPoint","urlTemplate":"https:\/\/www.wimex-europe.com\/fr\/?s={search_term_string}"},"query-input":{"@type":"PropertyValueSpecification","valueRequired":true,"valueName":"search_term_string"}}],"inLanguage":"fr-FR"},{"@type":"Organization","@id":"https:\/\/www.wimex-europe.com\/fr\/#organization","name":"Wimex-Europe","url":"https:\/\/www.wimex-europe.com\/fr\/","logo":{"@type":"ImageObject","inLanguage":"fr-FR","@id":"https:\/\/www.wimex-europe.com\/fr\/#\/schema\/logo\/image\/","url":"https:\/\/www.wimex-europe.com\/fr\/wp-content\/uploads\/sites\/15\/2020\/11\/wimex-europe-bain-spa-thermes.png","contentUrl":"https:\/\/www.wimex-europe.com\/fr\/wp-content\/uploads\/sites\/15\/2020\/11\/wimex-europe-bain-spa-thermes.png","width":461,"height":71,"caption":"Wimex-Europe"},"image":{"@id":"https:\/\/www.wimex-europe.com\/fr\/#\/schema\/logo\/image\/"}}]}},"_links":{"self":[{"href":"https:\/\/www.wimex-europe.com\/fr\/wp-json\/wp\/v2\/pages\/12618","targetHints":{"allow":["GET"]}}],"collection":[{"href":"https:\/\/www.wimex-europe.com\/fr\/wp-json\/wp\/v2\/pages"}],"about":[{"href":"https:\/\/www.wimex-europe.com\/fr\/wp-json\/wp\/v2\/types\/page"}],"author":[{"embeddable":true,"href":"https:\/\/www.wimex-europe.com\/fr\/wp-json\/wp\/v2\/users\/1"}],"replies":[{"embeddable":true,"href":"https:\/\/www.wimex-europe.com\/fr\/wp-json\/wp\/v2\/comments?post=12618"}],"version-history":[{"count":2,"href":"https:\/\/www.wimex-europe.com\/fr\/wp-json\/wp\/v2\/pages\/12618\/revisions"}],"predecessor-version":[{"id":12622,"href":"https:\/\/www.wimex-europe.com\/fr\/wp-json\/wp\/v2\/pages\/12618\/revisions\/12622"}],"wp:attachment":[{"href":"https:\/\/www.wimex-europe.com\/fr\/wp-json\/wp\/v2\/media?parent=12618"}],"curies":[{"name":"wp","href":"https:\/\/api.w.org\/{rel}","templated":true}]}}