{"id":12610,"date":"2021-05-12T10:52:26","date_gmt":"2021-05-12T09:52:26","guid":{"rendered":"https:\/\/www.wimex-europe.com\/fr\/?page_id=12610"},"modified":"2023-05-08T19:19:24","modified_gmt":"2023-05-08T18:19:24","slug":"mentions","status":"publish","type":"page","link":"https:\/\/www.wimex-europe.com\/fr\/mentions\/","title":{"rendered":"Mentions l\u00e9gales"},"content":{"rendered":"\t\t<div data-elementor-type=\"wp-page\" data-elementor-id=\"12610\" class=\"elementor elementor-12610\">\n\t\t\t\t\t\t<section class=\"elementor-section elementor-top-section elementor-element elementor-element-9035689 elementor-section-boxed elementor-section-height-default elementor-section-height-default\" data-id=\"9035689\" data-element_type=\"section\">\n\t\t\t\t\t\t<div class=\"elementor-container elementor-column-gap-default\">\n\t\t\t\t\t<div class=\"elementor-column elementor-col-100 elementor-top-column elementor-element elementor-element-6a5f32f\" data-id=\"6a5f32f\" data-element_type=\"column\">\n\t\t\t<div class=\"elementor-widget-wrap elementor-element-populated\">\n\t\t\t\t\t\t<div class=\"elementor-element elementor-element-a366ee3 elementor-widget elementor-widget-heading\" data-id=\"a366ee3\" data-element_type=\"widget\" data-widget_type=\"heading.default\">\n\t\t\t\t<div class=\"elementor-widget-container\">\n\t\t\t\t\t<h2 class=\"elementor-heading-title elementor-size-default\">Mentions l\u00e9gales<\/h2>\t\t\t\t<\/div>\n\t\t\t\t<\/div>\n\t\t\t\t<div class=\"elementor-element elementor-element-83e6db2 elementor-widget elementor-widget-text-editor\" data-id=\"83e6db2\" data-element_type=\"widget\" data-widget_type=\"text-editor.default\">\n\t\t\t\t<div class=\"elementor-widget-container\">\n\t\t\t\t\t\t\t\t\t<p style=\"padding-left: 30px;\"><strong>SPA . BIEN-ETRE . THERMES . THALASSOTHERAPIE &#8211; <\/strong><a title=\"La soci\u00e9t\u00e9 Wimex-Europe\" href=\"https:\/\/www.wimex-europe.com\/fr\/\/societe-articles-natation\/\"><strong>WIMEX EUROPE S.A.R.L.<\/strong><\/a><br \/>N\u00b0 Siren : 432 243 897 00019<br \/>N\u00b0 TVA Intracommunautaire : FR07 432 243 897<br \/>Identifiant CNIL : 1273172<\/p><p style=\"padding-left: 60px;\"><strong>CONTACT<\/strong><br \/>\u2022 Par t\u00e9l\u00e9phone : 04 42 24 30 00<br \/>(Vous pouvez nous contacter du lundi au jeudi de 9h \u00e0 12h et 14h \u00e0 18 h.le vendredi de 9h \u00e0 12 h.)<br \/>\u2022 Par Fax : 04 42 24 33 88<br \/>\u2022 Par courrier : WIMEX EUROPE, 39 rue Emeric David 13100 Aix-en-Provence &#8211; France<br \/>\u2022 Sur la page contact de notre site internet : <a href=\"https:\/\/www.wimex-europe.com\/fr\/\">www.wimex-europe.com<\/a><\/p><p style=\"padding-left: 60px;\"><strong>Directeur de la publication :<\/strong> Laurent WOLTER<\/p><p style=\"padding-left: 60px;\"><strong>Cr\u00e9dits photos :<\/strong> Fashy\u00a9 &#8211; Wimex Europe<br \/>Les visuels sont non-contractuels.<\/p><p style=\"padding-left: 60px;\">L\u2019ensemble des \u00e9l\u00e9ments figurant sur notre site sont prot\u00e9g\u00e9s par les dispositions du Code de la Propri\u00e9t\u00e9 Intellectuelle. En cons\u00e9quence, toute reproduction de ceux-ci, totale ou partielle, ou imitation, sans notre accord expr\u00e8s, pr\u00e9alable et \u00e9crit, est interdite.<br \/>Il est formellement interdit de collecter et d\u2019utiliser les informations disponibles sur le site \u00e0 des fins commerciales.<br \/>Cette interdiction s\u2019\u00e9tend notamment, sans que cette liste ne soit limitative, \u00e0 tout \u00e9l\u00e9ment r\u00e9dactionnel figurant sur le site, \u00e0 la pr\u00e9sentation des \u00e9crans, aux logiciels n\u00e9cessaires \u00e0 l\u2019exploitation, aux logos, images, photos, graphiques, de quelque nature qu\u2019ils soient.<\/p><p style=\"padding-left: 60px;\"><strong>Les liens<\/strong> fonctionnaient lorsque nous les avons \u00e9tablis.<br \/>Il se peut que des pages aient disparu au moment o\u00f9 vous les consultez. Merci de nous en informer, nous ferons le n\u00e9cessaire.<\/p><p style=\"padding-left: 60px;\">Conform\u00e9ment \u00e0 la loi \u00abinformatique et libert\u00e9s\u00bb du 6 janvier 1978, vous b\u00e9n\u00e9ficiez d\u2019un droit d\u2019acc\u00e8s et de rectification aux informations qui vous concernent. Si vous souhaitez exercer ce droit et obtenir communication des informations vous concernant, veuillez nous en informer.<br \/>Les informations recueillies font l\u2019objet d\u2019un traitement informatique destin\u00e9 \u00e0 l&rsquo;information et sont n\u00e9cessaires \u00e0 notre soci\u00e9t\u00e9 pour traiter votre demande. Le destinataire des donn\u00e9es est : WIMEX EUROPE, elles ne sauraient \u00eatre transmises \u00e0 des tiers.<\/p><p style=\"padding-left: 60px;\">\u00a9 Tous droits r\u00e9serv\u00e9s.<\/p><p style=\"padding-left: 60px;\"><strong>H\u00e9bergeur :<\/strong> OVH &#8211; SAS &#8211; 2 rue Kellermann &#8211; 59100 Roubaix &#8211;<\/p><p style=\"padding-left: 60px;\"><strong>Conception et webdesign :<\/strong> Ce site a \u00e9t\u00e9 r\u00e9alis\u00e9 par nos soins.<\/p>\t\t\t\t\t\t\t\t<\/div>\n\t\t\t\t<\/div>\n\t\t\t\t\t<\/div>\n\t\t<\/div>\n\t\t\t\t\t<\/div>\n\t\t<\/section>\n\t\t\t\t<\/div>\n\t\t","protected":false},"excerpt":{"rendered":"<p>Mentions l\u00e9gales SPA . BIEN-ETRE . THERMES . THALASSOTHERAPIE &#8211; WIMEX EUROPE S.A.R.L.N\u00b0 Siren : 432 243 897 00019N\u00b0 TVA Intracommunautaire : FR07 432 243 897Identifiant CNIL : 1273172 CONTACT\u2022 Par t\u00e9l\u00e9phone : 04 42 24 30 00(Vous pouvez nous contacter du lundi au jeudi de 9h \u00e0 12h et 14h \u00e0 18 h.le vendredi [&hellip;]<\/p>\n","protected":false},"author":1,"featured_media":0,"parent":0,"menu_order":0,"comment_status":"closed","ping_status":"closed","template":"","meta":{"om_disable_all_campaigns":false,"_uf_show_specific_survey":0,"_uf_disable_surveys":false,"ocean_post_layout":"","ocean_both_sidebars_style":"","ocean_both_sidebars_content_width":0,"ocean_both_sidebars_sidebars_width":0,"ocean_sidebar":"0","ocean_second_sidebar":"0","ocean_disable_margins":"enable","ocean_add_body_class":"","ocean_shortcode_before_top_bar":"","ocean_shortcode_after_top_bar":"","ocean_shortcode_before_header":"","ocean_shortcode_after_header":"","ocean_has_shortcode":"","ocean_shortcode_after_title":"","ocean_shortcode_before_footer_widgets":"","ocean_shortcode_after_footer_widgets":"","ocean_shortcode_before_footer_bottom":"","ocean_shortcode_after_footer_bottom":"","ocean_display_top_bar":"default","ocean_display_header":"default","ocean_header_style":"","ocean_center_header_left_menu":"0","ocean_custom_header_template":"0","ocean_custom_logo":0,"ocean_custom_retina_logo":0,"ocean_custom_logo_max_width":0,"ocean_custom_logo_tablet_max_width":0,"ocean_custom_logo_mobile_max_width":0,"ocean_custom_logo_max_height":0,"ocean_custom_logo_tablet_max_height":0,"ocean_custom_logo_mobile_max_height":0,"ocean_header_custom_menu":"0","ocean_menu_typo_font_family":"0","ocean_menu_typo_font_subset":"","ocean_menu_typo_font_size":0,"ocean_menu_typo_font_size_tablet":0,"ocean_menu_typo_font_size_mobile":0,"ocean_menu_typo_font_size_unit":"px","ocean_menu_typo_font_weight":"","ocean_menu_typo_font_weight_tablet":"","ocean_menu_typo_font_weight_mobile":"","ocean_menu_typo_transform":"","ocean_menu_typo_transform_tablet":"","ocean_menu_typo_transform_mobile":"","ocean_menu_typo_line_height":0,"ocean_menu_typo_line_height_tablet":0,"ocean_menu_typo_line_height_mobile":0,"ocean_menu_typo_line_height_unit":"","ocean_menu_typo_spacing":0,"ocean_menu_typo_spacing_tablet":0,"ocean_menu_typo_spacing_mobile":0,"ocean_menu_typo_spacing_unit":"","ocean_menu_link_color":"","ocean_menu_link_color_hover":"","ocean_menu_link_color_active":"","ocean_menu_link_background":"","ocean_menu_link_hover_background":"","ocean_menu_link_active_background":"","ocean_menu_social_links_bg":"","ocean_menu_social_hover_links_bg":"","ocean_menu_social_links_color":"","ocean_menu_social_hover_links_color":"","ocean_disable_title":"default","ocean_disable_heading":"default","ocean_post_title":"","ocean_post_subheading":"","ocean_post_title_style":"","ocean_post_title_background_color":"","ocean_post_title_background":0,"ocean_post_title_bg_image_position":"","ocean_post_title_bg_image_attachment":"","ocean_post_title_bg_image_repeat":"","ocean_post_title_bg_image_size":"","ocean_post_title_height":0,"ocean_post_title_bg_overlay":0.5,"ocean_post_title_bg_overlay_color":"","ocean_disable_breadcrumbs":"default","ocean_breadcrumbs_color":"","ocean_breadcrumbs_separator_color":"","ocean_breadcrumbs_links_color":"","ocean_breadcrumbs_links_hover_color":"","ocean_display_footer_widgets":"default","ocean_display_footer_bottom":"default","ocean_custom_footer_template":"0","footnotes":""},"class_list":["post-12610","page","type-page","status-publish","hentry","entry"],"yoast_head":"<!-- This site is optimized with the Yoast SEO plugin v25.7 - https:\/\/yoast.com\/wordpress\/plugins\/seo\/ -->\n<title>Mentions l\u00e9gales - Wimex-Europe<\/title>\n<meta name=\"description\" content=\"Mentions l\u00e9gales - Wimex-Europe\" \/>\n<meta name=\"robots\" content=\"index, follow, max-snippet:-1, max-image-preview:large, max-video-preview:-1\" \/>\n<link rel=\"canonical\" href=\"https:\/\/www.wimex-europe.com\/fr\/mentions\/\" \/>\n<meta property=\"og:locale\" content=\"fr_FR\" \/>\n<meta property=\"og:type\" content=\"article\" \/>\n<meta property=\"og:title\" content=\"Mentions l\u00e9gales - Wimex-Europe\" \/>\n<meta property=\"og:description\" content=\"Mentions l\u00e9gales - Wimex-Europe\" \/>\n<meta property=\"og:url\" content=\"https:\/\/www.wimex-europe.com\/fr\/mentions\/\" \/>\n<meta property=\"og:site_name\" content=\"Wimex-Europe\" \/>\n<meta property=\"article:modified_time\" content=\"2023-05-08T18:19:24+00:00\" \/>\n<meta name=\"twitter:label1\" content=\"Dur\u00e9e de lecture estim\u00e9e\" \/>\n\t<meta name=\"twitter:data1\" content=\"2 minutes\" \/>\n<script type=\"application\/ld+json\" class=\"yoast-schema-graph\">{\"@context\":\"https:\/\/schema.org\",\"@graph\":[{\"@type\":\"WebPage\",\"@id\":\"https:\/\/www.wimex-europe.com\/fr\/mentions\/\",\"url\":\"https:\/\/www.wimex-europe.com\/fr\/mentions\/\",\"name\":\"Mentions l\u00e9gales - Wimex-Europe\",\"isPartOf\":{\"@id\":\"https:\/\/www.wimex-europe.com\/fr\/#website\"},\"datePublished\":\"2021-05-12T09:52:26+00:00\",\"dateModified\":\"2023-05-08T18:19:24+00:00\",\"description\":\"Mentions l\u00e9gales - Wimex-Europe\",\"breadcrumb\":{\"@id\":\"https:\/\/www.wimex-europe.com\/fr\/mentions\/#breadcrumb\"},\"inLanguage\":\"fr-FR\",\"potentialAction\":[{\"@type\":\"ReadAction\",\"target\":[\"https:\/\/www.wimex-europe.com\/fr\/mentions\/\"]}]},{\"@type\":\"BreadcrumbList\",\"@id\":\"https:\/\/www.wimex-europe.com\/fr\/mentions\/#breadcrumb\",\"itemListElement\":[{\"@type\":\"ListItem\",\"position\":1,\"name\":\"Accueil\",\"item\":\"https:\/\/www.wimex-europe.com\/fr\/\"},{\"@type\":\"ListItem\",\"position\":2,\"name\":\"Mentions l\u00e9gales\"}]},{\"@type\":\"WebSite\",\"@id\":\"https:\/\/www.wimex-europe.com\/fr\/#website\",\"url\":\"https:\/\/www.wimex-europe.com\/fr\/\",\"name\":\"Wimex-Europe\",\"description\":\"Grossiste Accessoires Bain, Cure, Bien-Etre, Spa, Thermes, Thalassoth\u00e9rapie\",\"publisher\":{\"@id\":\"https:\/\/www.wimex-europe.com\/fr\/#organization\"},\"potentialAction\":[{\"@type\":\"SearchAction\",\"target\":{\"@type\":\"EntryPoint\",\"urlTemplate\":\"https:\/\/www.wimex-europe.com\/fr\/?s={search_term_string}\"},\"query-input\":{\"@type\":\"PropertyValueSpecification\",\"valueRequired\":true,\"valueName\":\"search_term_string\"}}],\"inLanguage\":\"fr-FR\"},{\"@type\":\"Organization\",\"@id\":\"https:\/\/www.wimex-europe.com\/fr\/#organization\",\"name\":\"Wimex-Europe\",\"url\":\"https:\/\/www.wimex-europe.com\/fr\/\",\"logo\":{\"@type\":\"ImageObject\",\"inLanguage\":\"fr-FR\",\"@id\":\"https:\/\/www.wimex-europe.com\/fr\/#\/schema\/logo\/image\/\",\"url\":\"https:\/\/www.wimex-europe.com\/fr\/wp-content\/uploads\/sites\/15\/2020\/11\/wimex-europe-bain-spa-thermes.png\",\"contentUrl\":\"https:\/\/www.wimex-europe.com\/fr\/wp-content\/uploads\/sites\/15\/2020\/11\/wimex-europe-bain-spa-thermes.png\",\"width\":461,\"height\":71,\"caption\":\"Wimex-Europe\"},\"image\":{\"@id\":\"https:\/\/www.wimex-europe.com\/fr\/#\/schema\/logo\/image\/\"}}]}<\/script>\n<!-- \/ Yoast SEO plugin. -->","yoast_head_json":{"title":"Mentions l\u00e9gales - Wimex-Europe","description":"Mentions l\u00e9gales - Wimex-Europe","robots":{"index":"index","follow":"follow","max-snippet":"max-snippet:-1","max-image-preview":"max-image-preview:large","max-video-preview":"max-video-preview:-1"},"canonical":"https:\/\/www.wimex-europe.com\/fr\/mentions\/","og_locale":"fr_FR","og_type":"article","og_title":"Mentions l\u00e9gales - Wimex-Europe","og_description":"Mentions l\u00e9gales - Wimex-Europe","og_url":"https:\/\/www.wimex-europe.com\/fr\/mentions\/","og_site_name":"Wimex-Europe","article_modified_time":"2023-05-08T18:19:24+00:00","twitter_misc":{"Dur\u00e9e de lecture estim\u00e9e":"2 minutes"},"schema":{"@context":"https:\/\/schema.org","@graph":[{"@type":"WebPage","@id":"https:\/\/www.wimex-europe.com\/fr\/mentions\/","url":"https:\/\/www.wimex-europe.com\/fr\/mentions\/","name":"Mentions l\u00e9gales - Wimex-Europe","isPartOf":{"@id":"https:\/\/www.wimex-europe.com\/fr\/#website"},"datePublished":"2021-05-12T09:52:26+00:00","dateModified":"2023-05-08T18:19:24+00:00","description":"Mentions l\u00e9gales - Wimex-Europe","breadcrumb":{"@id":"https:\/\/www.wimex-europe.com\/fr\/mentions\/#breadcrumb"},"inLanguage":"fr-FR","potentialAction":[{"@type":"ReadAction","target":["https:\/\/www.wimex-europe.com\/fr\/mentions\/"]}]},{"@type":"BreadcrumbList","@id":"https:\/\/www.wimex-europe.com\/fr\/mentions\/#breadcrumb","itemListElement":[{"@type":"ListItem","position":1,"name":"Accueil","item":"https:\/\/www.wimex-europe.com\/fr\/"},{"@type":"ListItem","position":2,"name":"Mentions l\u00e9gales"}]},{"@type":"WebSite","@id":"https:\/\/www.wimex-europe.com\/fr\/#website","url":"https:\/\/www.wimex-europe.com\/fr\/","name":"Wimex-Europe","description":"Grossiste Accessoires Bain, Cure, Bien-Etre, Spa, Thermes, Thalassoth\u00e9rapie","publisher":{"@id":"https:\/\/www.wimex-europe.com\/fr\/#organization"},"potentialAction":[{"@type":"SearchAction","target":{"@type":"EntryPoint","urlTemplate":"https:\/\/www.wimex-europe.com\/fr\/?s={search_term_string}"},"query-input":{"@type":"PropertyValueSpecification","valueRequired":true,"valueName":"search_term_string"}}],"inLanguage":"fr-FR"},{"@type":"Organization","@id":"https:\/\/www.wimex-europe.com\/fr\/#organization","name":"Wimex-Europe","url":"https:\/\/www.wimex-europe.com\/fr\/","logo":{"@type":"ImageObject","inLanguage":"fr-FR","@id":"https:\/\/www.wimex-europe.com\/fr\/#\/schema\/logo\/image\/","url":"https:\/\/www.wimex-europe.com\/fr\/wp-content\/uploads\/sites\/15\/2020\/11\/wimex-europe-bain-spa-thermes.png","contentUrl":"https:\/\/www.wimex-europe.com\/fr\/wp-content\/uploads\/sites\/15\/2020\/11\/wimex-europe-bain-spa-thermes.png","width":461,"height":71,"caption":"Wimex-Europe"},"image":{"@id":"https:\/\/www.wimex-europe.com\/fr\/#\/schema\/logo\/image\/"}}]}},"_links":{"self":[{"href":"https:\/\/www.wimex-europe.com\/fr\/wp-json\/wp\/v2\/pages\/12610","targetHints":{"allow":["GET"]}}],"collection":[{"href":"https:\/\/www.wimex-europe.com\/fr\/wp-json\/wp\/v2\/pages"}],"about":[{"href":"https:\/\/www.wimex-europe.com\/fr\/wp-json\/wp\/v2\/types\/page"}],"author":[{"embeddable":true,"href":"https:\/\/www.wimex-europe.com\/fr\/wp-json\/wp\/v2\/users\/1"}],"replies":[{"embeddable":true,"href":"https:\/\/www.wimex-europe.com\/fr\/wp-json\/wp\/v2\/comments?post=12610"}],"version-history":[{"count":5,"href":"https:\/\/www.wimex-europe.com\/fr\/wp-json\/wp\/v2\/pages\/12610\/revisions"}],"predecessor-version":[{"id":20863,"href":"https:\/\/www.wimex-europe.com\/fr\/wp-json\/wp\/v2\/pages\/12610\/revisions\/20863"}],"wp:attachment":[{"href":"https:\/\/www.wimex-europe.com\/fr\/wp-json\/wp\/v2\/media?parent=12610"}],"curies":[{"name":"wp","href":"https:\/\/api.w.org\/{rel}","templated":true}]}}