{"id":4629,"date":"2018-12-11T19:17:18","date_gmt":"2018-12-11T18:17:18","guid":{"rendered":"https:\/\/www.wimex-europe.com\/es\/?page_id=4629"},"modified":"2021-05-17T10:43:33","modified_gmt":"2021-05-17T09:43:33","slug":"uso-unico","status":"publish","type":"page","link":"https:\/\/www.wimex-europe.com\/es\/uso-unico\/","title":{"rendered":"USO \u00daNICO"},"content":{"rendered":"\t\t<div data-elementor-type=\"wp-post\" data-elementor-id=\"4629\" class=\"elementor elementor-4629\">\n\t\t\t\t\t\t<section class=\"elementor-section elementor-top-section elementor-element elementor-element-7211c764 elementor-section-boxed elementor-section-height-default elementor-section-height-default\" data-id=\"7211c764\" data-element_type=\"section\">\n\t\t\t\t\t\t<div class=\"elementor-container elementor-column-gap-default\">\n\t\t\t\t\t<div class=\"elementor-column elementor-col-100 elementor-top-column elementor-element elementor-element-98b4f71\" data-id=\"98b4f71\" data-element_type=\"column\">\n\t\t\t<div class=\"elementor-widget-wrap elementor-element-populated\">\n\t\t\t\t\t\t<div class=\"elementor-element elementor-element-e7e56fd elementor-widget elementor-widget-heading\" data-id=\"e7e56fd\" data-element_type=\"widget\" data-widget_type=\"heading.default\">\n\t\t\t\t<div class=\"elementor-widget-container\">\n\t\t\t\t\t<h1 class=\"elementor-heading-title elementor-size-default\">Soluciones de protecci\u00f3n COVID -19. Desechable . Ropa de cama desechable. Cubrezapatos<\/h1>\t\t\t\t<\/div>\n\t\t\t\t<\/div>\n\t\t\t\t\t<\/div>\n\t\t<\/div>\n\t\t\t\t\t<\/div>\n\t\t<\/section>\n\t\t\t\t<section class=\"elementor-section elementor-top-section elementor-element elementor-element-df2a3c9 elementor-section-boxed elementor-section-height-default elementor-section-height-default\" data-id=\"df2a3c9\" data-element_type=\"section\">\n\t\t\t\t\t\t<div class=\"elementor-container elementor-column-gap-default\">\n\t\t\t\t\t<div class=\"elementor-column elementor-col-66 elementor-top-column elementor-element elementor-element-74a4580\" data-id=\"74a4580\" data-element_type=\"column\">\n\t\t\t<div class=\"elementor-widget-wrap elementor-element-populated\">\n\t\t\t\t\t\t<div class=\"elementor-element elementor-element-f46cd5f elementor-widget elementor-widget-text-editor\" data-id=\"f46cd5f\" data-element_type=\"widget\" data-widget_type=\"text-editor.default\">\n\t\t\t\t<div class=\"elementor-widget-container\">\n\t\t\t\t\t\t\t\t\tWimex-Europe ofrece una amplia gama de productos de un solo uso\n\u00a1y una selecci\u00f3n de productos de calidad para su protecci\u00f3n!\n<h2><span style=\"color: #ff6600;\">\u00a1Asegure a sus equipos y tranquilice a sus clientes!<\/span><\/h2>\n<p style=\"padding-left: 40px;\">. Gel hidroalcoh\u00f3lico, mascarillas y viseras Covid-19\n. Sandalias desechables para mujeres y hombres: Flip-flop o Flip-flop\n. Gorros de nataci\u00f3n\n. Cubrezapatos\n. S\u00e1banas, pa\u00f1os, tangas y calzoncillos desechables<\/p>\n<p style=\"text-align: center;\"><span style=\"color: #ff6600;\"><a style=\"color: #ff6600;\" href=\"https:\/\/www.wimex-europe.com\/fr\/usage-unique\/\" target=\"_blank\" rel=\"noopener\"><em>&gt;\u00a0 DETALLES DE LOS PRODUCTOS SOLO EN FRANCES<\/em><\/a><\/span><\/p>\t\t\t\t\t\t\t\t<\/div>\n\t\t\t\t<\/div>\n\t\t\t\t\t<\/div>\n\t\t<\/div>\n\t\t\t\t<div class=\"elementor-column elementor-col-33 elementor-top-column elementor-element elementor-element-52b51f3\" data-id=\"52b51f3\" data-element_type=\"column\">\n\t\t\t<div class=\"elementor-widget-wrap elementor-element-populated\">\n\t\t\t\t\t\t<div class=\"elementor-element elementor-element-7161561 elementor-widget elementor-widget-spacer\" data-id=\"7161561\" data-element_type=\"widget\" data-widget_type=\"spacer.default\">\n\t\t\t\t<div class=\"elementor-widget-container\">\n\t\t\t\t\t\t\t<div class=\"elementor-spacer\">\n\t\t\t<div class=\"elementor-spacer-inner\"><\/div>\n\t\t<\/div>\n\t\t\t\t\t\t<\/div>\n\t\t\t\t<\/div>\n\t\t\t\t<div class=\"elementor-element elementor-element-ffbd517 elementor-widget elementor-widget-text-editor\" data-id=\"ffbd517\" data-element_type=\"widget\" data-widget_type=\"text-editor.default\">\n\t\t\t\t<div class=\"elementor-widget-container\">\n\t\t\t\t\t\t\t\t\t<p style=\"text-align: center;\">Productos de calidad de un solo uso<br \/>Para m\u00e1s informaci\u00f3n, no dude en contactarnos.<br \/>Stock disponible muy r\u00e1pidamente<\/p>\t\t\t\t\t\t\t\t<\/div>\n\t\t\t\t<\/div>\n\t\t\t\t<div class=\"elementor-element elementor-element-67fcddf elementor-align-center elementor-widget elementor-widget-button\" data-id=\"67fcddf\" data-element_type=\"widget\" data-widget_type=\"button.default\">\n\t\t\t\t<div class=\"elementor-widget-container\">\n\t\t\t\t\t\t\t\t\t<div class=\"elementor-button-wrapper\">\n\t\t\t\t\t<a class=\"elementor-button elementor-button-link elementor-size-sm\" href=\"https:\/\/www.wimex-europe.com\/es\/contacto\/\">\n\t\t\t\t\t\t<span class=\"elementor-button-content-wrapper\">\n\t\t\t\t\t\t\t\t\t<span class=\"elementor-button-text\">CONTACTO<\/span>\n\t\t\t\t\t<\/span>\n\t\t\t\t\t<\/a>\n\t\t\t\t<\/div>\n\t\t\t\t\t\t\t\t<\/div>\n\t\t\t\t<\/div>\n\t\t\t\t\t<\/div>\n\t\t<\/div>\n\t\t\t\t\t<\/div>\n\t\t<\/section>\n\t\t\t\t<section class=\"elementor-section elementor-top-section elementor-element elementor-element-f76a316 elementor-section-boxed elementor-section-height-default elementor-section-height-default\" data-id=\"f76a316\" data-element_type=\"section\">\n\t\t\t\t\t\t<div class=\"elementor-container elementor-column-gap-default\">\n\t\t\t\t\t<div class=\"elementor-column elementor-col-100 elementor-top-column elementor-element elementor-element-693d3e5\" data-id=\"693d3e5\" data-element_type=\"column\">\n\t\t\t<div class=\"elementor-widget-wrap elementor-element-populated\">\n\t\t\t\t\t\t<div class=\"elementor-element elementor-element-1cb1f35 elementor-widget-divider--view-line elementor-widget elementor-widget-divider\" data-id=\"1cb1f35\" data-element_type=\"widget\" data-widget_type=\"divider.default\">\n\t\t\t\t<div class=\"elementor-widget-container\">\n\t\t\t\t\t\t\t<div class=\"elementor-divider\">\n\t\t\t<span class=\"elementor-divider-separator\">\n\t\t\t\t\t\t<\/span>\n\t\t<\/div>\n\t\t\t\t\t\t<\/div>\n\t\t\t\t<\/div>\n\t\t\t\t\t<\/div>\n\t\t<\/div>\n\t\t\t\t\t<\/div>\n\t\t<\/section>\n\t\t\t\t<\/div>\n\t\t","protected":false},"excerpt":{"rendered":"<p>Soluciones de protecci\u00f3n COVID -19. Desechable . Ropa de cama desechable. Cubrezapatos Wimex-Europe ofrece una amplia gama de productos de un solo uso \u00a1y una selecci\u00f3n de productos de calidad para su protecci\u00f3n! \u00a1Asegure a sus equipos y tranquilice a sus clientes! . Gel hidroalcoh\u00f3lico, mascarillas y viseras Covid-19 . Sandalias desechables para mujeres y [&hellip;]<\/p>\n","protected":false},"author":1,"featured_media":0,"parent":0,"menu_order":0,"comment_status":"closed","ping_status":"closed","template":"","meta":{"om_disable_all_campaigns":false,"_uf_show_specific_survey":0,"_uf_disable_surveys":false,"ocean_post_layout":"","ocean_both_sidebars_style":"","ocean_both_sidebars_content_width":0,"ocean_both_sidebars_sidebars_width":0,"ocean_sidebar":"0","ocean_second_sidebar":"0","ocean_disable_margins":"enable","ocean_add_body_class":"","ocean_shortcode_before_top_bar":"","ocean_shortcode_after_top_bar":"","ocean_shortcode_before_header":"","ocean_shortcode_after_header":"","ocean_has_shortcode":"","ocean_shortcode_after_title":"","ocean_shortcode_before_footer_widgets":"","ocean_shortcode_after_footer_widgets":"","ocean_shortcode_before_footer_bottom":"","ocean_shortcode_after_footer_bottom":"","ocean_display_top_bar":"default","ocean_display_header":"default","ocean_header_style":"","ocean_center_header_left_menu":"0","ocean_custom_header_template":"0","ocean_custom_logo":0,"ocean_custom_retina_logo":0,"ocean_custom_logo_max_width":0,"ocean_custom_logo_tablet_max_width":0,"ocean_custom_logo_mobile_max_width":0,"ocean_custom_logo_max_height":0,"ocean_custom_logo_tablet_max_height":0,"ocean_custom_logo_mobile_max_height":0,"ocean_header_custom_menu":"0","ocean_menu_typo_font_family":"0","ocean_menu_typo_font_subset":"","ocean_menu_typo_font_size":0,"ocean_menu_typo_font_size_tablet":0,"ocean_menu_typo_font_size_mobile":0,"ocean_menu_typo_font_size_unit":"px","ocean_menu_typo_font_weight":"","ocean_menu_typo_font_weight_tablet":"","ocean_menu_typo_font_weight_mobile":"","ocean_menu_typo_transform":"","ocean_menu_typo_transform_tablet":"","ocean_menu_typo_transform_mobile":"","ocean_menu_typo_line_height":0,"ocean_menu_typo_line_height_tablet":0,"ocean_menu_typo_line_height_mobile":0,"ocean_menu_typo_line_height_unit":"","ocean_menu_typo_spacing":0,"ocean_menu_typo_spacing_tablet":0,"ocean_menu_typo_spacing_mobile":0,"ocean_menu_typo_spacing_unit":"","ocean_menu_link_color":"","ocean_menu_link_color_hover":"","ocean_menu_link_color_active":"","ocean_menu_link_background":"","ocean_menu_link_hover_background":"","ocean_menu_link_active_background":"","ocean_menu_social_links_bg":"","ocean_menu_social_hover_links_bg":"","ocean_menu_social_links_color":"","ocean_menu_social_hover_links_color":"","ocean_disable_title":"default","ocean_disable_heading":"default","ocean_post_title":"","ocean_post_subheading":"","ocean_post_title_style":"","ocean_post_title_background_color":"","ocean_post_title_background":0,"ocean_post_title_bg_image_position":"","ocean_post_title_bg_image_attachment":"","ocean_post_title_bg_image_repeat":"","ocean_post_title_bg_image_size":"","ocean_post_title_height":0,"ocean_post_title_bg_overlay":0.5,"ocean_post_title_bg_overlay_color":"","ocean_disable_breadcrumbs":"default","ocean_breadcrumbs_color":"","ocean_breadcrumbs_separator_color":"","ocean_breadcrumbs_links_color":"","ocean_breadcrumbs_links_hover_color":"","ocean_display_footer_widgets":"default","ocean_display_footer_bottom":"default","ocean_custom_footer_template":"0","footnotes":""},"class_list":["post-4629","page","type-page","status-publish","hentry","entry"],"yoast_head":"<!-- This site is optimized with the Yoast SEO plugin v25.7 - https:\/\/yoast.com\/wordpress\/plugins\/seo\/ -->\n<title>USO \u00daNICO<\/title>\n<meta name=\"description\" content=\"Wimex-Europe ofrece una amplia gama de productos de un solo uso y hace una selecci\u00f3n de productos de calidad para su protecci\u00f3n.\" \/>\n<meta name=\"robots\" content=\"index, nofollow, max-snippet:-1, max-image-preview:large, max-video-preview:-1\" \/>\n<link rel=\"canonical\" href=\"https:\/\/www.wimex-europe.com\/es\/uso-unico\/\" \/>\n<meta property=\"og:locale\" content=\"fr_FR\" \/>\n<meta property=\"og:type\" content=\"article\" \/>\n<meta property=\"og:title\" content=\"USO \u00daNICO\" \/>\n<meta property=\"og:description\" content=\"Wimex-Europe ofrece una amplia gama de productos de un solo uso y hace una selecci\u00f3n de productos de calidad para su protecci\u00f3n.\" \/>\n<meta property=\"og:url\" content=\"https:\/\/www.wimex-europe.com\/es\/uso-unico\/\" \/>\n<meta property=\"og:site_name\" content=\"Spa-Piscina\" \/>\n<meta property=\"article:modified_time\" content=\"2021-05-17T09:43:33+00:00\" \/>\n<meta name=\"twitter:label1\" content=\"Dur\u00e9e de lecture estim\u00e9e\" \/>\n\t<meta name=\"twitter:data1\" content=\"1 minute\" \/>\n<script type=\"application\/ld+json\" class=\"yoast-schema-graph\">{\"@context\":\"https:\/\/schema.org\",\"@graph\":[{\"@type\":\"WebPage\",\"@id\":\"https:\/\/www.wimex-europe.com\/es\/uso-unico\/\",\"url\":\"https:\/\/www.wimex-europe.com\/es\/uso-unico\/\",\"name\":\"USO \u00daNICO\",\"isPartOf\":{\"@id\":\"https:\/\/www.wimex-europe.com\/es\/#website\"},\"datePublished\":\"2018-12-11T18:17:18+00:00\",\"dateModified\":\"2021-05-17T09:43:33+00:00\",\"description\":\"Wimex-Europe ofrece una amplia gama de productos de un solo uso y hace una selecci\u00f3n de productos de calidad para su protecci\u00f3n.\",\"breadcrumb\":{\"@id\":\"https:\/\/www.wimex-europe.com\/es\/uso-unico\/#breadcrumb\"},\"inLanguage\":\"fr-FR\",\"potentialAction\":[{\"@type\":\"ReadAction\",\"target\":[\"https:\/\/www.wimex-europe.com\/es\/uso-unico\/\"]}]},{\"@type\":\"BreadcrumbList\",\"@id\":\"https:\/\/www.wimex-europe.com\/es\/uso-unico\/#breadcrumb\",\"itemListElement\":[{\"@type\":\"ListItem\",\"position\":1,\"name\":\"Accueil\",\"item\":\"https:\/\/www.wimex-europe.com\/es\/\"},{\"@type\":\"ListItem\",\"position\":2,\"name\":\"USO \u00daNICO\"}]},{\"@type\":\"WebSite\",\"@id\":\"https:\/\/www.wimex-europe.com\/es\/#website\",\"url\":\"https:\/\/www.wimex-europe.com\/es\/\",\"name\":\"Wimex-Europe\",\"description\":\"Mayorista Accesorios Ba\u00f1o, Bienestar, Spa, Termas, Talasoterapia\",\"publisher\":{\"@id\":\"https:\/\/www.wimex-europe.com\/es\/#organization\"},\"potentialAction\":[{\"@type\":\"SearchAction\",\"target\":{\"@type\":\"EntryPoint\",\"urlTemplate\":\"https:\/\/www.wimex-europe.com\/es\/?s={search_term_string}\"},\"query-input\":{\"@type\":\"PropertyValueSpecification\",\"valueRequired\":true,\"valueName\":\"search_term_string\"}}],\"inLanguage\":\"fr-FR\"},{\"@type\":\"Organization\",\"@id\":\"https:\/\/www.wimex-europe.com\/es\/#organization\",\"name\":\"Wimex-Europe\",\"url\":\"https:\/\/www.wimex-europe.com\/es\/\",\"logo\":{\"@type\":\"ImageObject\",\"inLanguage\":\"fr-FR\",\"@id\":\"https:\/\/www.wimex-europe.com\/es\/#\/schema\/logo\/image\/\",\"url\":\"https:\/\/www.wimex-europe.com\/es\/wp-content\/uploads\/sites\/17\/2020\/11\/wimex-europe-bain-spa-thermes.png\",\"contentUrl\":\"https:\/\/www.wimex-europe.com\/es\/wp-content\/uploads\/sites\/17\/2020\/11\/wimex-europe-bain-spa-thermes.png\",\"width\":461,\"height\":71,\"caption\":\"Wimex-Europe\"},\"image\":{\"@id\":\"https:\/\/www.wimex-europe.com\/es\/#\/schema\/logo\/image\/\"}}]}<\/script>\n<!-- \/ Yoast SEO plugin. -->","yoast_head_json":{"title":"USO \u00daNICO","description":"Wimex-Europe ofrece una amplia gama de productos de un solo uso y hace una selecci\u00f3n de productos de calidad para su protecci\u00f3n.","robots":{"index":"index","follow":"nofollow","max-snippet":"max-snippet:-1","max-image-preview":"max-image-preview:large","max-video-preview":"max-video-preview:-1"},"canonical":"https:\/\/www.wimex-europe.com\/es\/uso-unico\/","og_locale":"fr_FR","og_type":"article","og_title":"USO \u00daNICO","og_description":"Wimex-Europe ofrece una amplia gama de productos de un solo uso y hace una selecci\u00f3n de productos de calidad para su protecci\u00f3n.","og_url":"https:\/\/www.wimex-europe.com\/es\/uso-unico\/","og_site_name":"Spa-Piscina","article_modified_time":"2021-05-17T09:43:33+00:00","twitter_misc":{"Dur\u00e9e de lecture estim\u00e9e":"1 minute"},"schema":{"@context":"https:\/\/schema.org","@graph":[{"@type":"WebPage","@id":"https:\/\/www.wimex-europe.com\/es\/uso-unico\/","url":"https:\/\/www.wimex-europe.com\/es\/uso-unico\/","name":"USO \u00daNICO","isPartOf":{"@id":"https:\/\/www.wimex-europe.com\/es\/#website"},"datePublished":"2018-12-11T18:17:18+00:00","dateModified":"2021-05-17T09:43:33+00:00","description":"Wimex-Europe ofrece una amplia gama de productos de un solo uso y hace una selecci\u00f3n de productos de calidad para su protecci\u00f3n.","breadcrumb":{"@id":"https:\/\/www.wimex-europe.com\/es\/uso-unico\/#breadcrumb"},"inLanguage":"fr-FR","potentialAction":[{"@type":"ReadAction","target":["https:\/\/www.wimex-europe.com\/es\/uso-unico\/"]}]},{"@type":"BreadcrumbList","@id":"https:\/\/www.wimex-europe.com\/es\/uso-unico\/#breadcrumb","itemListElement":[{"@type":"ListItem","position":1,"name":"Accueil","item":"https:\/\/www.wimex-europe.com\/es\/"},{"@type":"ListItem","position":2,"name":"USO \u00daNICO"}]},{"@type":"WebSite","@id":"https:\/\/www.wimex-europe.com\/es\/#website","url":"https:\/\/www.wimex-europe.com\/es\/","name":"Wimex-Europe","description":"Mayorista Accesorios Ba\u00f1o, Bienestar, Spa, Termas, Talasoterapia","publisher":{"@id":"https:\/\/www.wimex-europe.com\/es\/#organization"},"potentialAction":[{"@type":"SearchAction","target":{"@type":"EntryPoint","urlTemplate":"https:\/\/www.wimex-europe.com\/es\/?s={search_term_string}"},"query-input":{"@type":"PropertyValueSpecification","valueRequired":true,"valueName":"search_term_string"}}],"inLanguage":"fr-FR"},{"@type":"Organization","@id":"https:\/\/www.wimex-europe.com\/es\/#organization","name":"Wimex-Europe","url":"https:\/\/www.wimex-europe.com\/es\/","logo":{"@type":"ImageObject","inLanguage":"fr-FR","@id":"https:\/\/www.wimex-europe.com\/es\/#\/schema\/logo\/image\/","url":"https:\/\/www.wimex-europe.com\/es\/wp-content\/uploads\/sites\/17\/2020\/11\/wimex-europe-bain-spa-thermes.png","contentUrl":"https:\/\/www.wimex-europe.com\/es\/wp-content\/uploads\/sites\/17\/2020\/11\/wimex-europe-bain-spa-thermes.png","width":461,"height":71,"caption":"Wimex-Europe"},"image":{"@id":"https:\/\/www.wimex-europe.com\/es\/#\/schema\/logo\/image\/"}}]}},"_links":{"self":[{"href":"https:\/\/www.wimex-europe.com\/es\/wp-json\/wp\/v2\/pages\/4629","targetHints":{"allow":["GET"]}}],"collection":[{"href":"https:\/\/www.wimex-europe.com\/es\/wp-json\/wp\/v2\/pages"}],"about":[{"href":"https:\/\/www.wimex-europe.com\/es\/wp-json\/wp\/v2\/types\/page"}],"author":[{"embeddable":true,"href":"https:\/\/www.wimex-europe.com\/es\/wp-json\/wp\/v2\/users\/1"}],"replies":[{"embeddable":true,"href":"https:\/\/www.wimex-europe.com\/es\/wp-json\/wp\/v2\/comments?post=4629"}],"version-history":[{"count":2,"href":"https:\/\/www.wimex-europe.com\/es\/wp-json\/wp\/v2\/pages\/4629\/revisions"}],"predecessor-version":[{"id":13239,"href":"https:\/\/www.wimex-europe.com\/es\/wp-json\/wp\/v2\/pages\/4629\/revisions\/13239"}],"wp:attachment":[{"href":"https:\/\/www.wimex-europe.com\/es\/wp-json\/wp\/v2\/media?parent=4629"}],"curies":[{"name":"wp","href":"https:\/\/api.w.org\/{rel}","templated":true}]}}