{"id":13224,"date":"2021-05-12T15:57:11","date_gmt":"2021-05-12T14:57:11","guid":{"rendered":"https:\/\/www.wimex-europe.com\/es\/?page_id=13224"},"modified":"2023-05-08T22:58:53","modified_gmt":"2023-05-08T21:58:53","slug":"aviso","status":"publish","type":"page","link":"https:\/\/www.wimex-europe.com\/es\/aviso\/","title":{"rendered":"Aviso legal"},"content":{"rendered":"\t\t<div data-elementor-type=\"wp-page\" data-elementor-id=\"13224\" class=\"elementor elementor-13224\">\n\t\t\t\t\t\t<section class=\"elementor-section elementor-top-section elementor-element elementor-element-9ca0b88 elementor-section-boxed elementor-section-height-default elementor-section-height-default\" data-id=\"9ca0b88\" data-element_type=\"section\">\n\t\t\t\t\t\t<div class=\"elementor-container elementor-column-gap-default\">\n\t\t\t\t\t<div class=\"elementor-column elementor-col-100 elementor-top-column elementor-element elementor-element-3064e29\" data-id=\"3064e29\" data-element_type=\"column\">\n\t\t\t<div class=\"elementor-widget-wrap elementor-element-populated\">\n\t\t\t\t\t\t<div class=\"elementor-element elementor-element-aeddc2b elementor-widget elementor-widget-heading\" data-id=\"aeddc2b\" data-element_type=\"widget\" data-widget_type=\"heading.default\">\n\t\t\t\t<div class=\"elementor-widget-container\">\n\t\t\t\t\t<h1 class=\"elementor-heading-title elementor-size-large\">Aviso legal<\/h1>\t\t\t\t<\/div>\n\t\t\t\t<\/div>\n\t\t\t\t<div class=\"elementor-element elementor-element-3f57045 elementor-widget elementor-widget-text-editor\" data-id=\"3f57045\" data-element_type=\"widget\" data-widget_type=\"text-editor.default\">\n\t\t\t\t<div class=\"elementor-widget-container\">\n\t\t\t\t\t\t\t\t\t<p style=\"padding-left: 30px;\"><strong>SPA . BIEN-ETRE . THERMES . THALASSOTHERAPIE &#8211; <\/strong><a title=\"La soci\u00e9t\u00e9 Wimex-Europe\" href=\"https:\/\/www.wimex-europe.com\/fr\/\/societe-articles-natation\/\"><strong>WIMEX EUROPE S.A.R.L.<\/strong><\/a><br \/>N\u00b0 Siren : 432 243 897 00019<br \/>N\u00b0 TVA Intracommunautaire : FR07 432 243 897<br \/>Identifiant CNIL : 1273172<\/p><p style=\"padding-left: 60px;\"><strong>Directeur de la publication :<\/strong> Laurent WOLTER<\/p><p><strong>Contacto :<\/strong><br \/>\u2022 Por tel\u00e9fono: +33(0)4 42 24 30 00<br \/>(Usted puede ponerse en contacto con nosotros de lunes a jueves de las 9 a las 12 y las 14 horas a 18 h. Viernes de las horas 9 a las horas 12.)<br \/>\u2022 Por Fax : +33(0)4 42 24 33 88<br \/>\u2022 Por correo : WIMEX EUROPE &#8211; 39 rue Emeric David 13100 Aix-en-Provence \u2013 Francia<br \/>\u2022 Por la pagina contact de www.wimex-europe.com<\/p><p><strong>Cr\u00e9ditos Fotograf\u00edas:<\/strong> Fashy\u00a9. Wimex-Europe<br \/>Las fotos no son contractuales.<\/p><p><strong>Los enlaces<\/strong> funcionaban cuando los establecemos. Puede ser que p\u00e1ginas hayan desaparecido en el momento en que los consultan.<br \/>Gracias por informarnos, haremos lo necesario. Estos enlaces se dan como informaci\u00f3n y no generan la responsabilidad de wimex-europe.<\/p><p>El conjunto de los elementos que figura sobre nuestro sitio es protegido por las disposiciones del C\u00f3digo de la Propiedad intelectual. En consecuencia, toda reproducci\u00f3n de \u00e9stos, total o parcial, o imitaci\u00f3n, sin nuestro acuerdo expreso, previo y escrito, es prohibida.<br \/>Categ\u00f3ricamente es prohibido recolectar y utilizar las informaciones disponibles para el sitio.Esta interdicci\u00f3n se extiende particularmente, sin que esta lista sea limitativa, a todo elemento redaccional que figure sobre el sitio, a la presentaci\u00f3n de las pantallas, a los softwares necesarios para la explotaci\u00f3n, para los logotipos, las im\u00e1genes, fotos, gr\u00e1ficos, de cualquiera que sea la naturaleza que sean.<\/p><p>Conforme a la ley \u201d inform\u00e1tica y libertades \u201d del 6 de enero de 1978, usted goza de un derecho de acceso y de rectificaci\u00f3n a las informaciones que le conciernen. Si usted desea ejercer este derecho y obtener comunicaci\u00f3n de las informaciones a el (la) que concierne usted, por favor informarnos.<br \/>Las informaciones recogidas son objeto de un tratamiento inform\u00e1tico destinado a la informaci\u00f3n y son necesarias a nuestra sociedad para tratar su demanda. El destinatario de los datos es: WIMEX Europe, ellas no sabr\u00edan ser transmitidos a terceros.<\/p><p>\u00a9 Todos derechos reservados.<\/p><p>Alojamiento web : OVH \u2013 SAS \u2013 2 rue Kellermann \u2013 59100 Roubaix \u2013 Francia<br \/>Design : Este sitio fue creado por nosotros.<\/p>\t\t\t\t\t\t\t\t<\/div>\n\t\t\t\t<\/div>\n\t\t\t\t\t<\/div>\n\t\t<\/div>\n\t\t\t\t\t<\/div>\n\t\t<\/section>\n\t\t\t\t<\/div>\n\t\t","protected":false},"excerpt":{"rendered":"<p>Aviso legal SPA . BIEN-ETRE . THERMES . THALASSOTHERAPIE &#8211; WIMEX EUROPE S.A.R.L.N\u00b0 Siren : 432 243 897 00019N\u00b0 TVA Intracommunautaire : FR07 432 243 897Identifiant CNIL : 1273172 Directeur de la publication : Laurent WOLTER Contacto :\u2022 Por tel\u00e9fono: +33(0)4 42 24 30 00(Usted puede ponerse en contacto con nosotros de lunes a jueves [&hellip;]<\/p>\n","protected":false},"author":1,"featured_media":0,"parent":0,"menu_order":0,"comment_status":"closed","ping_status":"closed","template":"","meta":{"om_disable_all_campaigns":false,"_uf_show_specific_survey":0,"_uf_disable_surveys":false,"ocean_post_layout":"","ocean_both_sidebars_style":"","ocean_both_sidebars_content_width":0,"ocean_both_sidebars_sidebars_width":0,"ocean_sidebar":"0","ocean_second_sidebar":"0","ocean_disable_margins":"enable","ocean_add_body_class":"","ocean_shortcode_before_top_bar":"","ocean_shortcode_after_top_bar":"","ocean_shortcode_before_header":"","ocean_shortcode_after_header":"","ocean_has_shortcode":"","ocean_shortcode_after_title":"","ocean_shortcode_before_footer_widgets":"","ocean_shortcode_after_footer_widgets":"","ocean_shortcode_before_footer_bottom":"","ocean_shortcode_after_footer_bottom":"","ocean_display_top_bar":"default","ocean_display_header":"default","ocean_header_style":"","ocean_center_header_left_menu":"0","ocean_custom_header_template":"0","ocean_custom_logo":0,"ocean_custom_retina_logo":0,"ocean_custom_logo_max_width":0,"ocean_custom_logo_tablet_max_width":0,"ocean_custom_logo_mobile_max_width":0,"ocean_custom_logo_max_height":0,"ocean_custom_logo_tablet_max_height":0,"ocean_custom_logo_mobile_max_height":0,"ocean_header_custom_menu":"0","ocean_menu_typo_font_family":"0","ocean_menu_typo_font_subset":"","ocean_menu_typo_font_size":0,"ocean_menu_typo_font_size_tablet":0,"ocean_menu_typo_font_size_mobile":0,"ocean_menu_typo_font_size_unit":"px","ocean_menu_typo_font_weight":"","ocean_menu_typo_font_weight_tablet":"","ocean_menu_typo_font_weight_mobile":"","ocean_menu_typo_transform":"","ocean_menu_typo_transform_tablet":"","ocean_menu_typo_transform_mobile":"","ocean_menu_typo_line_height":0,"ocean_menu_typo_line_height_tablet":0,"ocean_menu_typo_line_height_mobile":0,"ocean_menu_typo_line_height_unit":"","ocean_menu_typo_spacing":0,"ocean_menu_typo_spacing_tablet":0,"ocean_menu_typo_spacing_mobile":0,"ocean_menu_typo_spacing_unit":"","ocean_menu_link_color":"","ocean_menu_link_color_hover":"","ocean_menu_link_color_active":"","ocean_menu_link_background":"","ocean_menu_link_hover_background":"","ocean_menu_link_active_background":"","ocean_menu_social_links_bg":"","ocean_menu_social_hover_links_bg":"","ocean_menu_social_links_color":"","ocean_menu_social_hover_links_color":"","ocean_disable_title":"default","ocean_disable_heading":"default","ocean_post_title":"","ocean_post_subheading":"","ocean_post_title_style":"","ocean_post_title_background_color":"","ocean_post_title_background":0,"ocean_post_title_bg_image_position":"","ocean_post_title_bg_image_attachment":"","ocean_post_title_bg_image_repeat":"","ocean_post_title_bg_image_size":"","ocean_post_title_height":0,"ocean_post_title_bg_overlay":0.5,"ocean_post_title_bg_overlay_color":"","ocean_disable_breadcrumbs":"default","ocean_breadcrumbs_color":"","ocean_breadcrumbs_separator_color":"","ocean_breadcrumbs_links_color":"","ocean_breadcrumbs_links_hover_color":"","ocean_display_footer_widgets":"default","ocean_display_footer_bottom":"default","ocean_custom_footer_template":"0","footnotes":""},"class_list":["post-13224","page","type-page","status-publish","hentry","entry"],"yoast_head":"<!-- This site is optimized with the Yoast SEO plugin v25.7 - https:\/\/yoast.com\/wordpress\/plugins\/seo\/ -->\n<title>Aviso legal - Spa-Piscina<\/title>\n<meta name=\"robots\" content=\"index, follow, max-snippet:-1, max-image-preview:large, max-video-preview:-1\" \/>\n<link rel=\"canonical\" href=\"https:\/\/www.wimex-europe.com\/es\/aviso\/\" \/>\n<meta property=\"og:locale\" content=\"fr_FR\" \/>\n<meta property=\"og:type\" content=\"article\" \/>\n<meta property=\"og:title\" content=\"Aviso legal - Spa-Piscina\" \/>\n<meta property=\"og:description\" content=\"Aviso legal SPA . BIEN-ETRE . THERMES . THALASSOTHERAPIE &#8211; WIMEX EUROPE S.A.R.L.N\u00b0 Siren : 432 243 897 00019N\u00b0 TVA Intracommunautaire : FR07 432 243 897Identifiant CNIL : 1273172 Directeur de la publication : Laurent WOLTER Contacto :\u2022 Por tel\u00e9fono: +33(0)4 42 24 30 00(Usted puede ponerse en contacto con nosotros de lunes a jueves [&hellip;]\" \/>\n<meta property=\"og:url\" content=\"https:\/\/www.wimex-europe.com\/es\/aviso\/\" \/>\n<meta property=\"og:site_name\" content=\"Spa-Piscina\" \/>\n<meta property=\"article:modified_time\" content=\"2023-05-08T21:58:53+00:00\" \/>\n<meta name=\"twitter:label1\" content=\"Dur\u00e9e de lecture estim\u00e9e\" \/>\n\t<meta name=\"twitter:data1\" content=\"2 minutes\" \/>\n<script type=\"application\/ld+json\" class=\"yoast-schema-graph\">{\"@context\":\"https:\/\/schema.org\",\"@graph\":[{\"@type\":\"WebPage\",\"@id\":\"https:\/\/www.wimex-europe.com\/es\/aviso\/\",\"url\":\"https:\/\/www.wimex-europe.com\/es\/aviso\/\",\"name\":\"Aviso legal - Spa-Piscina\",\"isPartOf\":{\"@id\":\"https:\/\/www.wimex-europe.com\/es\/#website\"},\"datePublished\":\"2021-05-12T14:57:11+00:00\",\"dateModified\":\"2023-05-08T21:58:53+00:00\",\"breadcrumb\":{\"@id\":\"https:\/\/www.wimex-europe.com\/es\/aviso\/#breadcrumb\"},\"inLanguage\":\"fr-FR\",\"potentialAction\":[{\"@type\":\"ReadAction\",\"target\":[\"https:\/\/www.wimex-europe.com\/es\/aviso\/\"]}]},{\"@type\":\"BreadcrumbList\",\"@id\":\"https:\/\/www.wimex-europe.com\/es\/aviso\/#breadcrumb\",\"itemListElement\":[{\"@type\":\"ListItem\",\"position\":1,\"name\":\"Accueil\",\"item\":\"https:\/\/www.wimex-europe.com\/es\/\"},{\"@type\":\"ListItem\",\"position\":2,\"name\":\"Aviso legal\"}]},{\"@type\":\"WebSite\",\"@id\":\"https:\/\/www.wimex-europe.com\/es\/#website\",\"url\":\"https:\/\/www.wimex-europe.com\/es\/\",\"name\":\"Wimex-Europe\",\"description\":\"Mayorista Accesorios Ba\u00f1o, Bienestar, Spa, Termas, Talasoterapia\",\"publisher\":{\"@id\":\"https:\/\/www.wimex-europe.com\/es\/#organization\"},\"potentialAction\":[{\"@type\":\"SearchAction\",\"target\":{\"@type\":\"EntryPoint\",\"urlTemplate\":\"https:\/\/www.wimex-europe.com\/es\/?s={search_term_string}\"},\"query-input\":{\"@type\":\"PropertyValueSpecification\",\"valueRequired\":true,\"valueName\":\"search_term_string\"}}],\"inLanguage\":\"fr-FR\"},{\"@type\":\"Organization\",\"@id\":\"https:\/\/www.wimex-europe.com\/es\/#organization\",\"name\":\"Wimex-Europe\",\"url\":\"https:\/\/www.wimex-europe.com\/es\/\",\"logo\":{\"@type\":\"ImageObject\",\"inLanguage\":\"fr-FR\",\"@id\":\"https:\/\/www.wimex-europe.com\/es\/#\/schema\/logo\/image\/\",\"url\":\"https:\/\/www.wimex-europe.com\/es\/wp-content\/uploads\/sites\/17\/2020\/11\/wimex-europe-bain-spa-thermes.png\",\"contentUrl\":\"https:\/\/www.wimex-europe.com\/es\/wp-content\/uploads\/sites\/17\/2020\/11\/wimex-europe-bain-spa-thermes.png\",\"width\":461,\"height\":71,\"caption\":\"Wimex-Europe\"},\"image\":{\"@id\":\"https:\/\/www.wimex-europe.com\/es\/#\/schema\/logo\/image\/\"}}]}<\/script>\n<!-- \/ Yoast SEO plugin. -->","yoast_head_json":{"title":"Aviso legal - Spa-Piscina","robots":{"index":"index","follow":"follow","max-snippet":"max-snippet:-1","max-image-preview":"max-image-preview:large","max-video-preview":"max-video-preview:-1"},"canonical":"https:\/\/www.wimex-europe.com\/es\/aviso\/","og_locale":"fr_FR","og_type":"article","og_title":"Aviso legal - Spa-Piscina","og_description":"Aviso legal SPA . BIEN-ETRE . THERMES . THALASSOTHERAPIE &#8211; WIMEX EUROPE S.A.R.L.N\u00b0 Siren : 432 243 897 00019N\u00b0 TVA Intracommunautaire : FR07 432 243 897Identifiant CNIL : 1273172 Directeur de la publication : Laurent WOLTER Contacto :\u2022 Por tel\u00e9fono: +33(0)4 42 24 30 00(Usted puede ponerse en contacto con nosotros de lunes a jueves [&hellip;]","og_url":"https:\/\/www.wimex-europe.com\/es\/aviso\/","og_site_name":"Spa-Piscina","article_modified_time":"2023-05-08T21:58:53+00:00","twitter_misc":{"Dur\u00e9e de lecture estim\u00e9e":"2 minutes"},"schema":{"@context":"https:\/\/schema.org","@graph":[{"@type":"WebPage","@id":"https:\/\/www.wimex-europe.com\/es\/aviso\/","url":"https:\/\/www.wimex-europe.com\/es\/aviso\/","name":"Aviso legal - Spa-Piscina","isPartOf":{"@id":"https:\/\/www.wimex-europe.com\/es\/#website"},"datePublished":"2021-05-12T14:57:11+00:00","dateModified":"2023-05-08T21:58:53+00:00","breadcrumb":{"@id":"https:\/\/www.wimex-europe.com\/es\/aviso\/#breadcrumb"},"inLanguage":"fr-FR","potentialAction":[{"@type":"ReadAction","target":["https:\/\/www.wimex-europe.com\/es\/aviso\/"]}]},{"@type":"BreadcrumbList","@id":"https:\/\/www.wimex-europe.com\/es\/aviso\/#breadcrumb","itemListElement":[{"@type":"ListItem","position":1,"name":"Accueil","item":"https:\/\/www.wimex-europe.com\/es\/"},{"@type":"ListItem","position":2,"name":"Aviso legal"}]},{"@type":"WebSite","@id":"https:\/\/www.wimex-europe.com\/es\/#website","url":"https:\/\/www.wimex-europe.com\/es\/","name":"Wimex-Europe","description":"Mayorista Accesorios Ba\u00f1o, Bienestar, Spa, Termas, Talasoterapia","publisher":{"@id":"https:\/\/www.wimex-europe.com\/es\/#organization"},"potentialAction":[{"@type":"SearchAction","target":{"@type":"EntryPoint","urlTemplate":"https:\/\/www.wimex-europe.com\/es\/?s={search_term_string}"},"query-input":{"@type":"PropertyValueSpecification","valueRequired":true,"valueName":"search_term_string"}}],"inLanguage":"fr-FR"},{"@type":"Organization","@id":"https:\/\/www.wimex-europe.com\/es\/#organization","name":"Wimex-Europe","url":"https:\/\/www.wimex-europe.com\/es\/","logo":{"@type":"ImageObject","inLanguage":"fr-FR","@id":"https:\/\/www.wimex-europe.com\/es\/#\/schema\/logo\/image\/","url":"https:\/\/www.wimex-europe.com\/es\/wp-content\/uploads\/sites\/17\/2020\/11\/wimex-europe-bain-spa-thermes.png","contentUrl":"https:\/\/www.wimex-europe.com\/es\/wp-content\/uploads\/sites\/17\/2020\/11\/wimex-europe-bain-spa-thermes.png","width":461,"height":71,"caption":"Wimex-Europe"},"image":{"@id":"https:\/\/www.wimex-europe.com\/es\/#\/schema\/logo\/image\/"}}]}},"_links":{"self":[{"href":"https:\/\/www.wimex-europe.com\/es\/wp-json\/wp\/v2\/pages\/13224","targetHints":{"allow":["GET"]}}],"collection":[{"href":"https:\/\/www.wimex-europe.com\/es\/wp-json\/wp\/v2\/pages"}],"about":[{"href":"https:\/\/www.wimex-europe.com\/es\/wp-json\/wp\/v2\/types\/page"}],"author":[{"embeddable":true,"href":"https:\/\/www.wimex-europe.com\/es\/wp-json\/wp\/v2\/users\/1"}],"replies":[{"embeddable":true,"href":"https:\/\/www.wimex-europe.com\/es\/wp-json\/wp\/v2\/comments?post=13224"}],"version-history":[{"count":5,"href":"https:\/\/www.wimex-europe.com\/es\/wp-json\/wp\/v2\/pages\/13224\/revisions"}],"predecessor-version":[{"id":13285,"href":"https:\/\/www.wimex-europe.com\/es\/wp-json\/wp\/v2\/pages\/13224\/revisions\/13285"}],"wp:attachment":[{"href":"https:\/\/www.wimex-europe.com\/es\/wp-json\/wp\/v2\/media?parent=13224"}],"curies":[{"name":"wp","href":"https:\/\/api.w.org\/{rel}","templated":true}]}}